{"id":261,"date":"2023-09-07T11:06:30","date_gmt":"2023-09-07T11:06:30","guid":{"rendered":"https:\/\/www.hp-security.at\/?page_id=261"},"modified":"2023-11-02T09:24:36","modified_gmt":"2023-11-02T09:24:36","slug":"allgemein","status":"publish","type":"page","link":"https:\/\/www.hp-security.at\/?page_id=261","title":{"rendered":"ALLGEMEIN"},"content":{"rendered":"\t\t<div data-elementor-type=\"wp-page\" data-elementor-id=\"261\" class=\"elementor elementor-261\" data-elementor-post-type=\"page\">\n\t\t\t\t\t\t<section class=\"elementor-section elementor-inner-section elementor-element elementor-element-4bea01a6 elementor-section-full_width elementor-hidden-tablet elementor-hidden-phone elementor-section-height-default elementor-section-height-default\" data-id=\"4bea01a6\" data-element_type=\"section\" data-e-type=\"section\">\n\t\t\t\t\t\t<div class=\"elementor-container elementor-column-gap-default\">\n\t\t\t\t\t<div class=\"elementor-column elementor-col-100 elementor-inner-column elementor-element elementor-element-3c2e0e45\" data-id=\"3c2e0e45\" data-element_type=\"column\" data-e-type=\"column\" data-settings=\"{&quot;background_background&quot;:&quot;classic&quot;}\">\n\t\t\t<div class=\"elementor-widget-wrap elementor-element-populated\">\n\t\t\t\t\t\t<div class=\"elementor-element elementor-element-4fa279e0 elementor-nav-menu__align-justify elementor-nav-menu--stretch elementor-nav-menu__text-align-center svn elementor-nav-menu--dropdown-tablet elementor-nav-menu--toggle elementor-nav-menu--burger elementor-widget elementor-widget-nav-menu\" data-id=\"4fa279e0\" data-element_type=\"widget\" data-e-type=\"widget\" data-settings=\"{&quot;full_width&quot;:&quot;stretch&quot;,&quot;layout&quot;:&quot;horizontal&quot;,&quot;submenu_icon&quot;:{&quot;value&quot;:&quot;&lt;i class=\\&quot;fas fa-caret-down\\&quot; aria-hidden=\\&quot;true\\&quot;&gt;&lt;\\\/i&gt;&quot;,&quot;library&quot;:&quot;fa-solid&quot;},&quot;toggle&quot;:&quot;burger&quot;}\" data-widget_type=\"nav-menu.default\">\n\t\t\t\t<div class=\"elementor-widget-container\">\n\t\t\t\t\t\t\t\t<nav aria-label=\"Men\u00fc\" class=\"elementor-nav-menu--main elementor-nav-menu__container elementor-nav-menu--layout-horizontal e--pointer-background e--animation-fade\">\n\t\t\t\t<ul id=\"menu-1-4fa279e0\" class=\"elementor-nav-menu\"><li class=\"menu-item menu-item-type-post_type menu-item-object-page menu-item-654\"><a href=\"https:\/\/www.hp-security.at\/?page_id=261\" class=\"elementor-item\">ALLGEMEIN<\/a><\/li>\n<li class=\"menu-item menu-item-type-post_type menu-item-object-page menu-item-655\"><a href=\"https:\/\/www.hp-security.at\/?page_id=246\" class=\"elementor-item\">ALARMANLAGEN<\/a><\/li>\n<li class=\"menu-item menu-item-type-post_type menu-item-object-page menu-item-656\"><a href=\"https:\/\/www.hp-security.at\/?page_id=238\" class=\"elementor-item\">TRESORE<\/a><\/li>\n<li class=\"menu-item menu-item-type-post_type menu-item-object-page menu-item-657\"><a href=\"https:\/\/www.hp-security.at\/?page_id=223\" class=\"elementor-item\">ZYLINDER<\/a><\/li>\n<li class=\"menu-item menu-item-type-post_type menu-item-object-page menu-item-658\"><a href=\"https:\/\/www.hp-security.at\/?page_id=83\" class=\"elementor-item\">VIDEOTECHNIK<\/a><\/li>\n<\/ul>\t\t\t<\/nav>\n\t\t\t\t\t<div class=\"elementor-menu-toggle\" role=\"button\" tabindex=\"0\" aria-label=\"Men\u00fc Umschalter\" aria-expanded=\"false\">\n\t\t\t<i aria-hidden=\"true\" role=\"presentation\" class=\"elementor-menu-toggle__icon--open eicon-menu-bar\"><\/i><i aria-hidden=\"true\" role=\"presentation\" class=\"elementor-menu-toggle__icon--close eicon-close\"><\/i>\t\t<\/div>\n\t\t\t\t\t<nav class=\"elementor-nav-menu--dropdown elementor-nav-menu__container\" aria-hidden=\"true\">\n\t\t\t\t<ul id=\"menu-2-4fa279e0\" class=\"elementor-nav-menu\"><li class=\"menu-item menu-item-type-post_type menu-item-object-page menu-item-654\"><a href=\"https:\/\/www.hp-security.at\/?page_id=261\" class=\"elementor-item\" tabindex=\"-1\">ALLGEMEIN<\/a><\/li>\n<li class=\"menu-item menu-item-type-post_type menu-item-object-page menu-item-655\"><a href=\"https:\/\/www.hp-security.at\/?page_id=246\" class=\"elementor-item\" tabindex=\"-1\">ALARMANLAGEN<\/a><\/li>\n<li class=\"menu-item menu-item-type-post_type menu-item-object-page menu-item-656\"><a href=\"https:\/\/www.hp-security.at\/?page_id=238\" class=\"elementor-item\" tabindex=\"-1\">TRESORE<\/a><\/li>\n<li class=\"menu-item menu-item-type-post_type menu-item-object-page menu-item-657\"><a href=\"https:\/\/www.hp-security.at\/?page_id=223\" class=\"elementor-item\" tabindex=\"-1\">ZYLINDER<\/a><\/li>\n<li class=\"menu-item menu-item-type-post_type menu-item-object-page menu-item-658\"><a href=\"https:\/\/www.hp-security.at\/?page_id=83\" class=\"elementor-item\" tabindex=\"-1\">VIDEOTECHNIK<\/a><\/li>\n<\/ul>\t\t\t<\/nav>\n\t\t\t\t\t\t<\/div>\n\t\t\t\t<\/div>\n\t\t\t\t\t<\/div>\n\t\t<\/div>\n\t\t\t\t\t<\/div>\n\t\t<\/section>\n\t\t\t\t<section class=\"elementor-section elementor-top-section elementor-element elementor-element-754da0d elementor-section-stretched elementor-section-full_width elementor-section-height-min-height elementor-section-height-default elementor-section-items-middle\" data-id=\"754da0d\" data-element_type=\"section\" data-e-type=\"section\" data-settings=\"{&quot;stretch_section&quot;:&quot;section-stretched&quot;,&quot;background_background&quot;:&quot;classic&quot;}\">\n\t\t\t\t\t\t<div class=\"elementor-container elementor-column-gap-default\">\n\t\t\t\t\t<div class=\"elementor-column elementor-col-50 elementor-top-column elementor-element elementor-element-a8b3309\" data-id=\"a8b3309\" data-element_type=\"column\" data-e-type=\"column\">\n\t\t\t<div class=\"elementor-widget-wrap elementor-element-populated\">\n\t\t\t\t\t\t<div class=\"elementor-element elementor-element-4264f6f elementor-widget elementor-widget-heading\" data-id=\"4264f6f\" data-element_type=\"widget\" data-e-type=\"widget\" data-widget_type=\"heading.default\">\n\t\t\t\t<div class=\"elementor-widget-container\">\n\t\t\t\t\t<h2 class=\"elementor-heading-title elementor-size-default\">ALLGEMEIN<\/h2>\t\t\t\t<\/div>\n\t\t\t\t<\/div>\n\t\t\t\t<div class=\"elementor-element elementor-element-6a83107 elementor-widget elementor-widget-text-editor\" data-id=\"6a83107\" data-element_type=\"widget\" data-e-type=\"widget\" data-widget_type=\"text-editor.default\">\n\t\t\t\t<div class=\"elementor-widget-container\">\n\t\t\t\t\t\t\t\t\t<div id=\"inner_body\">\n<div id=\"content\">\n<p><strong>Ein paar Worte zum Thema Sicherheit:<\/strong><\/p>\n<p>Seit dem Jahr 2000 verzeichnen die Kriminalit\u00e4tsdelikte europaweit einen stetigen Anstieg, wobei die Aufkl\u00e4rungsrate jedoch weiter sinkt.<br>Immer mehr B\u00fcrger werden sich des wachsenden Risikos bewusst und wollen Ma\u00dfnahmen setzen, um ihre Sicherheit in allen Lebensbereichen ma\u00dfgeblich zu erh\u00f6hen.<\/p>\n<p><em>Hierbei beraten Sie unsere Vertriebspartner gerne, denn durch modernste Sicherheitstechnik sowie h\u00f6chste Kompetenz bei Service, Wartung &amp; Garantie sind Sie mit HP-Security immer auf der sicheren Seite.<\/em><\/p>\n<p><strong>Wir bieten Ihnen:<\/strong><\/p>\n<ul>\n<li>Beratung<\/li>\n<li>Hochwertige, erprobte Produkte<\/li>\n<li>24 Stunden-Service<\/li>\n<li>Bis 3 Jahre Garantie<\/li>\n<li>Komplette Ger\u00e4te-Montage<\/li>\n<li>Inbetriebnahme zu fairen Fixpreisen<\/li>\n<li>Verl\u00e4ssliche Wartung<\/li>\n<li>Unkomplizierter Online Support<\/li>\n<li>Interessante Teilzahlungsangebote<\/li>\n<\/ul>\n<\/div>\n<\/div>\t\t\t\t\t\t\t\t<\/div>\n\t\t\t\t<\/div>\n\t\t\t\t\t<\/div>\n\t\t<\/div>\n\t\t\t\t<div class=\"elementor-column elementor-col-50 elementor-top-column elementor-element elementor-element-9b884b7 elementor-hidden-phone\" data-id=\"9b884b7\" data-element_type=\"column\" data-e-type=\"column\">\n\t\t\t<div class=\"elementor-widget-wrap elementor-element-populated\">\n\t\t\t\t\t\t<div class=\"elementor-element elementor-element-fb8ef09 elementor-widget__width-initial elementor-fixed elementor-widget elementor-widget-image\" data-id=\"fb8ef09\" data-element_type=\"widget\" data-e-type=\"widget\" data-settings=\"{&quot;_position&quot;:&quot;fixed&quot;}\" data-widget_type=\"image.default\">\n\t\t\t\t<div class=\"elementor-widget-container\">\n\t\t\t\t\t\t\t\t\t\t\t\t\t\t\t<img fetchpriority=\"high\" decoding=\"async\" width=\"800\" height=\"957\" src=\"https:\/\/www.hp-security.at\/wp-content\/uploads\/2020\/02\/Athene_BG.png\" class=\"attachment-large size-large wp-image-15\" alt=\"\" srcset=\"https:\/\/www.hp-security.at\/wp-content\/uploads\/2020\/02\/Athene_BG.png 800w, https:\/\/www.hp-security.at\/wp-content\/uploads\/2020\/02\/Athene_BG-251x300.png 251w, https:\/\/www.hp-security.at\/wp-content\/uploads\/2020\/02\/Athene_BG-768x919.png 768w\" sizes=\"(max-width: 800px) 100vw, 800px\" \/>\t\t\t\t\t\t\t\t\t\t\t\t\t\t\t<\/div>\n\t\t\t\t<\/div>\n\t\t\t\t\t<\/div>\n\t\t<\/div>\n\t\t\t\t\t<\/div>\n\t\t<\/section>\n\t\t\t\t<\/div>\n\t\t","protected":false},"excerpt":{"rendered":"<p>ALLGEMEIN Ein paar Worte zum Thema Sicherheit: Seit dem Jahr 2000 verzeichnen die Kriminalit\u00e4tsdelikte europaweit einen stetigen Anstieg, wobei die Aufkl\u00e4rungsrate jedoch weiter sinkt.Immer mehr B\u00fcrger werden sich des wachsenden Risikos bewusst und wollen Ma\u00dfnahmen setzen, um ihre Sicherheit in allen Lebensbereichen ma\u00dfgeblich zu erh\u00f6hen. Hierbei beraten Sie unsere Vertriebspartner gerne, denn durch modernste Sicherheitstechnik [&hellip;]<\/p>\n","protected":false},"author":1,"featured_media":0,"parent":172,"menu_order":0,"comment_status":"closed","ping_status":"closed","template":"","meta":{"footnotes":""},"class_list":["post-261","page","type-page","status-publish","hentry"],"_links":{"self":[{"href":"https:\/\/www.hp-security.at\/index.php?rest_route=\/wp\/v2\/pages\/261","targetHints":{"allow":["GET"]}}],"collection":[{"href":"https:\/\/www.hp-security.at\/index.php?rest_route=\/wp\/v2\/pages"}],"about":[{"href":"https:\/\/www.hp-security.at\/index.php?rest_route=\/wp\/v2\/types\/page"}],"author":[{"embeddable":true,"href":"https:\/\/www.hp-security.at\/index.php?rest_route=\/wp\/v2\/users\/1"}],"replies":[{"embeddable":true,"href":"https:\/\/www.hp-security.at\/index.php?rest_route=%2Fwp%2Fv2%2Fcomments&post=261"}],"version-history":[{"count":35,"href":"https:\/\/www.hp-security.at\/index.php?rest_route=\/wp\/v2\/pages\/261\/revisions"}],"predecessor-version":[{"id":662,"href":"https:\/\/www.hp-security.at\/index.php?rest_route=\/wp\/v2\/pages\/261\/revisions\/662"}],"up":[{"embeddable":true,"href":"https:\/\/www.hp-security.at\/index.php?rest_route=\/wp\/v2\/pages\/172"}],"wp:attachment":[{"href":"https:\/\/www.hp-security.at\/index.php?rest_route=%2Fwp%2Fv2%2Fmedia&parent=261"}],"curies":[{"name":"wp","href":"https:\/\/api.w.org\/{rel}","templated":true}]}}