{"id":364,"date":"2023-09-08T10:40:01","date_gmt":"2023-09-08T10:40:01","guid":{"rendered":"https:\/\/www.hp-security.at\/?page_id=364"},"modified":"2023-09-26T19:21:49","modified_gmt":"2023-09-26T19:21:49","slug":"info-elektrounternehmen","status":"publish","type":"page","link":"https:\/\/www.hp-security.at\/?page_id=364","title":{"rendered":"Info Elektrounternehmen"},"content":{"rendered":"\t\t<div data-elementor-type=\"wp-page\" data-elementor-id=\"364\" class=\"elementor elementor-364\" data-elementor-post-type=\"page\">\n\t\t\t\t\t\t<section class=\"elementor-section elementor-top-section elementor-element elementor-element-48ff0ec elementor-section-stretched elementor-section-full_width elementor-section-height-min-height elementor-section-items-top elementor-section-height-default\" data-id=\"48ff0ec\" data-element_type=\"section\" data-e-type=\"section\" data-settings=\"{&quot;stretch_section&quot;:&quot;section-stretched&quot;,&quot;background_background&quot;:&quot;classic&quot;}\">\n\t\t\t\t\t\t<div class=\"elementor-container elementor-column-gap-no\">\n\t\t\t\t\t<div class=\"elementor-column elementor-col-100 elementor-top-column elementor-element elementor-element-b961eb8\" data-id=\"b961eb8\" data-element_type=\"column\" data-e-type=\"column\">\n\t\t\t<div class=\"elementor-widget-wrap elementor-element-populated\">\n\t\t\t\t\t\t<section class=\"elementor-section elementor-inner-section elementor-element elementor-element-10558a7 elementor-section-full_width elementor-hidden-tablet elementor-hidden-phone elementor-section-height-default elementor-section-height-default\" data-id=\"10558a7\" data-element_type=\"section\" data-e-type=\"section\">\n\t\t\t\t\t\t<div class=\"elementor-container elementor-column-gap-default\">\n\t\t\t\t\t<div class=\"elementor-column elementor-col-100 elementor-inner-column elementor-element elementor-element-92d7af8\" data-id=\"92d7af8\" data-element_type=\"column\" data-e-type=\"column\" data-settings=\"{&quot;background_background&quot;:&quot;classic&quot;}\">\n\t\t\t<div class=\"elementor-widget-wrap elementor-element-populated\">\n\t\t\t\t\t\t<div class=\"elementor-element elementor-element-4499bea elementor-nav-menu__align-justify elementor-nav-menu--stretch elementor-nav-menu__text-align-center elementor-nav-menu--dropdown-tablet elementor-nav-menu--toggle elementor-nav-menu--burger elementor-widget elementor-widget-nav-menu\" data-id=\"4499bea\" data-element_type=\"widget\" data-e-type=\"widget\" data-settings=\"{&quot;full_width&quot;:&quot;stretch&quot;,&quot;layout&quot;:&quot;horizontal&quot;,&quot;submenu_icon&quot;:{&quot;value&quot;:&quot;&lt;i class=\\&quot;fas fa-caret-down\\&quot; aria-hidden=\\&quot;true\\&quot;&gt;&lt;\\\/i&gt;&quot;,&quot;library&quot;:&quot;fa-solid&quot;},&quot;toggle&quot;:&quot;burger&quot;}\" data-widget_type=\"nav-menu.default\">\n\t\t\t\t<div class=\"elementor-widget-container\">\n\t\t\t\t\t\t\t\t<nav aria-label=\"Men\u00fc\" class=\"elementor-nav-menu--main elementor-nav-menu__container elementor-nav-menu--layout-horizontal e--pointer-background e--animation-fade\">\n\t\t\t\t<ul id=\"menu-1-4499bea\" class=\"elementor-nav-menu\"><li class=\"menu-item menu-item-type-post_type menu-item-object-page menu-item-653\"><a href=\"https:\/\/www.hp-security.at\/?page_id=159\" class=\"elementor-item\">VERTRIEBSPARTNER<\/a><\/li>\n<li class=\"menu-item menu-item-type-post_type menu-item-object-page menu-item-442\"><a href=\"https:\/\/www.hp-security.at\/?page_id=429\" class=\"elementor-item\">NIEDERLASSUNGEN<\/a><\/li>\n<li class=\"menu-item menu-item-type-post_type menu-item-object-page menu-item-652\"><a href=\"https:\/\/www.hp-security.at\/?page_id=364\" class=\"elementor-item\">INFO ELEKTROUNTERNEHMEN<\/a><\/li>\n<li class=\"menu-item menu-item-type-post_type menu-item-object-page menu-item-479\"><a href=\"https:\/\/www.hp-security.at\/?page_id=468\" class=\"elementor-item\">JOBS<\/a><\/li>\n<li class=\"menu-item menu-item-type-post_type menu-item-object-page menu-item-465\"><a href=\"https:\/\/www.hp-security.at\/?page_id=443\" class=\"elementor-item\">DOWNLOADS<\/a><\/li>\n<li class=\"menu-item menu-item-type-post_type menu-item-object-page menu-item-406\"><a href=\"https:\/\/www.hp-security.at\/?page_id=390\" class=\"elementor-item\">IMPRESSUM<\/a><\/li>\n<\/ul>\t\t\t<\/nav>\n\t\t\t\t\t<div class=\"elementor-menu-toggle\" role=\"button\" tabindex=\"0\" aria-label=\"Men\u00fc Umschalter\" aria-expanded=\"false\">\n\t\t\t<i aria-hidden=\"true\" role=\"presentation\" class=\"elementor-menu-toggle__icon--open eicon-menu-bar\"><\/i><i aria-hidden=\"true\" role=\"presentation\" class=\"elementor-menu-toggle__icon--close eicon-close\"><\/i>\t\t<\/div>\n\t\t\t\t\t<nav class=\"elementor-nav-menu--dropdown elementor-nav-menu__container\" aria-hidden=\"true\">\n\t\t\t\t<ul id=\"menu-2-4499bea\" class=\"elementor-nav-menu\"><li class=\"menu-item menu-item-type-post_type menu-item-object-page menu-item-653\"><a href=\"https:\/\/www.hp-security.at\/?page_id=159\" class=\"elementor-item\" tabindex=\"-1\">VERTRIEBSPARTNER<\/a><\/li>\n<li class=\"menu-item menu-item-type-post_type menu-item-object-page menu-item-442\"><a href=\"https:\/\/www.hp-security.at\/?page_id=429\" class=\"elementor-item\" tabindex=\"-1\">NIEDERLASSUNGEN<\/a><\/li>\n<li class=\"menu-item menu-item-type-post_type menu-item-object-page menu-item-652\"><a href=\"https:\/\/www.hp-security.at\/?page_id=364\" class=\"elementor-item\" tabindex=\"-1\">INFO ELEKTROUNTERNEHMEN<\/a><\/li>\n<li class=\"menu-item menu-item-type-post_type menu-item-object-page menu-item-479\"><a href=\"https:\/\/www.hp-security.at\/?page_id=468\" class=\"elementor-item\" tabindex=\"-1\">JOBS<\/a><\/li>\n<li class=\"menu-item menu-item-type-post_type menu-item-object-page menu-item-465\"><a href=\"https:\/\/www.hp-security.at\/?page_id=443\" class=\"elementor-item\" tabindex=\"-1\">DOWNLOADS<\/a><\/li>\n<li class=\"menu-item menu-item-type-post_type menu-item-object-page menu-item-406\"><a href=\"https:\/\/www.hp-security.at\/?page_id=390\" class=\"elementor-item\" tabindex=\"-1\">IMPRESSUM<\/a><\/li>\n<\/ul>\t\t\t<\/nav>\n\t\t\t\t\t\t<\/div>\n\t\t\t\t<\/div>\n\t\t\t\t\t<\/div>\n\t\t<\/div>\n\t\t\t\t\t<\/div>\n\t\t<\/section>\n\t\t\t\t<section class=\"elementor-section elementor-inner-section elementor-element elementor-element-e7cfc3b elementor-section-content-top elementor-section-boxed elementor-section-height-default elementor-section-height-default\" data-id=\"e7cfc3b\" data-element_type=\"section\" data-e-type=\"section\">\n\t\t\t\t\t\t<div class=\"elementor-container elementor-column-gap-default\">\n\t\t\t\t\t<div class=\"elementor-column elementor-col-50 elementor-inner-column elementor-element elementor-element-140057d\" data-id=\"140057d\" data-element_type=\"column\" data-e-type=\"column\">\n\t\t\t<div class=\"elementor-widget-wrap elementor-element-populated\">\n\t\t\t\t\t\t<div class=\"elementor-element elementor-element-4663982 elementor-widget elementor-widget-image\" data-id=\"4663982\" data-element_type=\"widget\" data-e-type=\"widget\" data-widget_type=\"image.default\">\n\t\t\t\t<div class=\"elementor-widget-container\">\n\t\t\t\t\t\t\t\t\t\t\t\t\t\t\t<img fetchpriority=\"high\" decoding=\"async\" width=\"500\" height=\"497\" src=\"https:\/\/www.hp-security.at\/wp-content\/uploads\/2020\/02\/athene_rund.png\" class=\"attachment-large size-large wp-image-16\" alt=\"\" srcset=\"https:\/\/www.hp-security.at\/wp-content\/uploads\/2020\/02\/athene_rund.png 500w, https:\/\/www.hp-security.at\/wp-content\/uploads\/2020\/02\/athene_rund-300x298.png 300w, https:\/\/www.hp-security.at\/wp-content\/uploads\/2020\/02\/athene_rund-150x150.png 150w\" sizes=\"(max-width: 500px) 100vw, 500px\" \/>\t\t\t\t\t\t\t\t\t\t\t\t\t\t\t<\/div>\n\t\t\t\t<\/div>\n\t\t\t\t\t<\/div>\n\t\t<\/div>\n\t\t\t\t<div class=\"elementor-column elementor-col-50 elementor-inner-column elementor-element elementor-element-57df482\" data-id=\"57df482\" data-element_type=\"column\" data-e-type=\"column\">\n\t\t\t<div class=\"elementor-widget-wrap elementor-element-populated\">\n\t\t\t\t\t\t<div class=\"elementor-element elementor-element-2770b04 elementor-widget elementor-widget-text-editor\" data-id=\"2770b04\" data-element_type=\"widget\" data-e-type=\"widget\" data-widget_type=\"text-editor.default\">\n\t\t\t\t<div class=\"elementor-widget-container\">\n\t\t\t\t\t\t\t\t\t<p>ALLE<\/p>\t\t\t\t\t\t\t\t<\/div>\n\t\t\t\t<\/div>\n\t\t\t\t<div class=\"elementor-element elementor-element-bd16cf5 elementor-widget elementor-widget-text-editor\" data-id=\"bd16cf5\" data-element_type=\"widget\" data-e-type=\"widget\" data-widget_type=\"text-editor.default\">\n\t\t\t\t<div class=\"elementor-widget-container\">\n\t\t\t\t\t\t\t\t\t<p>Informationen<\/p>\t\t\t\t\t\t\t\t<\/div>\n\t\t\t\t<\/div>\n\t\t\t\t\t<\/div>\n\t\t<\/div>\n\t\t\t\t\t<\/div>\n\t\t<\/section>\n\t\t\t\t\t<\/div>\n\t\t<\/div>\n\t\t\t\t\t<\/div>\n\t\t<\/section>\n\t\t\t\t<section class=\"elementor-section elementor-top-section elementor-element elementor-element-2e549d0 elementor-section-stretched elementor-section-full_width elementor-section-height-default elementor-section-height-default\" data-id=\"2e549d0\" data-element_type=\"section\" data-e-type=\"section\" data-settings=\"{&quot;stretch_section&quot;:&quot;section-stretched&quot;,&quot;background_background&quot;:&quot;classic&quot;}\">\n\t\t\t\t\t\t<div class=\"elementor-container elementor-column-gap-no\">\n\t\t\t\t\t<div class=\"elementor-column elementor-col-50 elementor-top-column elementor-element elementor-element-27876b8\" data-id=\"27876b8\" data-element_type=\"column\" data-e-type=\"column\">\n\t\t\t<div class=\"elementor-widget-wrap elementor-element-populated\">\n\t\t\t\t\t\t<div class=\"elementor-element elementor-element-77f7ad1 elementor-widget elementor-widget-heading\" data-id=\"77f7ad1\" data-element_type=\"widget\" data-e-type=\"widget\" data-widget_type=\"heading.default\">\n\t\t\t\t<div class=\"elementor-widget-container\">\n\t\t\t\t\t<h2 class=\"elementor-heading-title elementor-size-default\">Erweitern Sie Ihr Angebot \u2013 mit Sicherheit!<\/h2>\t\t\t\t<\/div>\n\t\t\t\t<\/div>\n\t\t\t\t<div class=\"elementor-element elementor-element-69e96b3 elementor-widget elementor-widget-text-editor\" data-id=\"69e96b3\" data-element_type=\"widget\" data-e-type=\"widget\" data-widget_type=\"text-editor.default\">\n\t\t\t\t<div class=\"elementor-widget-container\">\n\t\t\t\t\t\t\t\t\t<div id=\"inner_body\"><div id=\"content\"><p>Ab sofort k\u00f6nnen Sie Ihren Kunden noch mehr Sicherheit bieten!<br \/>HP-Security unterst\u00fctzt Sie bei der Realisierung von modernsten Sicherheitssystemen.<br \/>Mit technischer Beratung, Support bei der Installation und Inbetriebnahme bis <br \/>hin zur anschlie\u00dfenden 24 h-Betreuung!<\/p><p>Gerade im sensiblen Bereich von Sicherheits- und Alarmsystemen wird von <br \/>Kundenseite h\u00f6chster Wert auf professionelle Beratung, Installation und <br \/>Betreuung gelegt. Und genau diese Qualit\u00e4ten vereinen Sie als erfahrenes <br \/>Elektrounternehmen in Ihrem Fachgebiet. Nutzen Sie Ihren Kompetenzvorsprung und bieten Sie Ihren Kunden ein perfektes Portfolio zum Thema Sicherheit!<\/p><p>\u00a0<\/p><h4>HP-SECURITY UNTERST\u00dcTZT SIE DABEI VON A-Z MIT<\/h4><ul><li><strong>modernster Highend-Sicherheitstechnik<\/strong> f\u00fcr alle Anforderungen (vom Bewegungsmelder und einfachen T\u00fcr-Alarm, \u00fcber Video-\u00dcberwachung und Zutrittskontrolle bis hin zum professionellen Alarmierungssystem)<\/li><li>allen relevanten <strong>Informationen und Argumentationshilfen<\/strong><\/li><li><strong>Beratung <\/strong>und technischer Hilfestellung im Rahmen der Installation<\/li><li><strong>umfassendem Support<\/strong> bei der <strong>Inbetriebnahme <\/strong>(Programmierung, Funktions-\u00dcberpr\u00fcfung etc.)<\/li><li><strong>perfekter Nachbetreuung inkl. 24-Stunden-Kundendienst <\/strong><\/li><\/ul><p><strong>Profitieren Sie von einer erfolgreichen Partnerschaft in Sachen Sicherheit. <\/strong><\/p><p><span style=\"text-decoration: underline;\">Hotline: 0800 \/ 500 824<\/span><\/p><\/div><\/div>\t\t\t\t\t\t\t\t<\/div>\n\t\t\t\t<\/div>\n\t\t\t\t\t<\/div>\n\t\t<\/div>\n\t\t\t\t<div class=\"elementor-column elementor-col-50 elementor-top-column elementor-element elementor-element-17e4a61 elementor-hidden-phone\" data-id=\"17e4a61\" data-element_type=\"column\" data-e-type=\"column\">\n\t\t\t<div class=\"elementor-widget-wrap elementor-element-populated\">\n\t\t\t\t\t\t<div class=\"elementor-element elementor-element-c845c5b elementor-widget__width-initial elementor-fixed elementor-widget elementor-widget-image\" data-id=\"c845c5b\" data-element_type=\"widget\" data-e-type=\"widget\" data-settings=\"{&quot;_position&quot;:&quot;fixed&quot;}\" data-widget_type=\"image.default\">\n\t\t\t\t<div class=\"elementor-widget-container\">\n\t\t\t\t\t\t\t\t\t\t\t\t\t\t\t<img decoding=\"async\" width=\"800\" height=\"957\" src=\"https:\/\/www.hp-security.at\/wp-content\/uploads\/2020\/02\/Athene_BG.png\" class=\"attachment-large size-large wp-image-15\" alt=\"\" srcset=\"https:\/\/www.hp-security.at\/wp-content\/uploads\/2020\/02\/Athene_BG.png 800w, https:\/\/www.hp-security.at\/wp-content\/uploads\/2020\/02\/Athene_BG-251x300.png 251w, https:\/\/www.hp-security.at\/wp-content\/uploads\/2020\/02\/Athene_BG-768x919.png 768w\" sizes=\"(max-width: 800px) 100vw, 800px\" \/>\t\t\t\t\t\t\t\t\t\t\t\t\t\t\t<\/div>\n\t\t\t\t<\/div>\n\t\t\t\t\t<\/div>\n\t\t<\/div>\n\t\t\t\t\t<\/div>\n\t\t<\/section>\n\t\t\t\t<\/div>\n\t\t","protected":false},"excerpt":{"rendered":"<p>ALLE Informationen Erweitern Sie Ihr Angebot \u2013 mit Sicherheit! Ab sofort k\u00f6nnen Sie Ihren Kunden noch mehr Sicherheit bieten!HP-Security unterst\u00fctzt Sie bei der Realisierung von modernsten Sicherheitssystemen.Mit technischer Beratung, Support bei der Installation und Inbetriebnahme bis hin zur anschlie\u00dfenden 24 h-Betreuung! Gerade im sensiblen Bereich von Sicherheits- und Alarmsystemen wird von Kundenseite h\u00f6chster Wert auf [&hellip;]<\/p>\n","protected":false},"author":1,"featured_media":0,"parent":168,"menu_order":0,"comment_status":"closed","ping_status":"closed","template":"","meta":{"footnotes":""},"class_list":["post-364","page","type-page","status-publish","hentry"],"_links":{"self":[{"href":"https:\/\/www.hp-security.at\/index.php?rest_route=\/wp\/v2\/pages\/364","targetHints":{"allow":["GET"]}}],"collection":[{"href":"https:\/\/www.hp-security.at\/index.php?rest_route=\/wp\/v2\/pages"}],"about":[{"href":"https:\/\/www.hp-security.at\/index.php?rest_route=\/wp\/v2\/types\/page"}],"author":[{"embeddable":true,"href":"https:\/\/www.hp-security.at\/index.php?rest_route=\/wp\/v2\/users\/1"}],"replies":[{"embeddable":true,"href":"https:\/\/www.hp-security.at\/index.php?rest_route=%2Fwp%2Fv2%2Fcomments&post=364"}],"version-history":[{"count":13,"href":"https:\/\/www.hp-security.at\/index.php?rest_route=\/wp\/v2\/pages\/364\/revisions"}],"predecessor-version":[{"id":613,"href":"https:\/\/www.hp-security.at\/index.php?rest_route=\/wp\/v2\/pages\/364\/revisions\/613"}],"up":[{"embeddable":true,"href":"https:\/\/www.hp-security.at\/index.php?rest_route=\/wp\/v2\/pages\/168"}],"wp:attachment":[{"href":"https:\/\/www.hp-security.at\/index.php?rest_route=%2Fwp%2Fv2%2Fmedia&parent=364"}],"curies":[{"name":"wp","href":"https:\/\/api.w.org\/{rel}","templated":true}]}}