{"id":390,"date":"2023-09-25T17:04:05","date_gmt":"2023-09-25T17:04:05","guid":{"rendered":"https:\/\/www.hp-security.at\/?page_id=390"},"modified":"2023-09-26T19:26:18","modified_gmt":"2023-09-26T19:26:18","slug":"impressum","status":"publish","type":"page","link":"https:\/\/www.hp-security.at\/?page_id=390","title":{"rendered":"IMPRESSUM"},"content":{"rendered":"\t\t<div data-elementor-type=\"wp-page\" data-elementor-id=\"390\" class=\"elementor elementor-390\" data-elementor-post-type=\"page\">\n\t\t\t\t\t\t<section class=\"elementor-section elementor-top-section elementor-element elementor-element-4e24f98b elementor-section-stretched elementor-section-full_width elementor-section-height-min-height elementor-section-items-top elementor-section-height-default\" data-id=\"4e24f98b\" data-element_type=\"section\" data-e-type=\"section\" data-settings=\"{&quot;stretch_section&quot;:&quot;section-stretched&quot;,&quot;background_background&quot;:&quot;classic&quot;}\">\n\t\t\t\t\t\t<div class=\"elementor-container elementor-column-gap-no\">\n\t\t\t\t\t<div class=\"elementor-column elementor-col-100 elementor-top-column elementor-element elementor-element-60f5f6f1\" data-id=\"60f5f6f1\" data-element_type=\"column\" data-e-type=\"column\">\n\t\t\t<div class=\"elementor-widget-wrap elementor-element-populated\">\n\t\t\t\t\t\t<section class=\"elementor-section elementor-inner-section elementor-element elementor-element-513d52cc elementor-section-full_width elementor-hidden-tablet elementor-hidden-phone elementor-section-height-default elementor-section-height-default\" data-id=\"513d52cc\" data-element_type=\"section\" data-e-type=\"section\">\n\t\t\t\t\t\t<div class=\"elementor-container elementor-column-gap-default\">\n\t\t\t\t\t<div class=\"elementor-column elementor-col-100 elementor-inner-column elementor-element elementor-element-7fee0141\" data-id=\"7fee0141\" data-element_type=\"column\" data-e-type=\"column\" data-settings=\"{&quot;background_background&quot;:&quot;classic&quot;}\">\n\t\t\t<div class=\"elementor-widget-wrap elementor-element-populated\">\n\t\t\t\t\t\t<div class=\"elementor-element elementor-element-7db866e2 elementor-nav-menu__align-justify elementor-nav-menu--stretch elementor-nav-menu__text-align-center elementor-nav-menu--dropdown-tablet elementor-nav-menu--toggle elementor-nav-menu--burger elementor-widget elementor-widget-nav-menu\" data-id=\"7db866e2\" data-element_type=\"widget\" data-e-type=\"widget\" data-settings=\"{&quot;full_width&quot;:&quot;stretch&quot;,&quot;layout&quot;:&quot;horizontal&quot;,&quot;submenu_icon&quot;:{&quot;value&quot;:&quot;&lt;i class=\\&quot;fas fa-caret-down\\&quot; aria-hidden=\\&quot;true\\&quot;&gt;&lt;\\\/i&gt;&quot;,&quot;library&quot;:&quot;fa-solid&quot;},&quot;toggle&quot;:&quot;burger&quot;}\" data-widget_type=\"nav-menu.default\">\n\t\t\t\t<div class=\"elementor-widget-container\">\n\t\t\t\t\t\t\t\t<nav aria-label=\"Men\u00fc\" class=\"elementor-nav-menu--main elementor-nav-menu__container elementor-nav-menu--layout-horizontal e--pointer-background e--animation-fade\">\n\t\t\t\t<ul id=\"menu-1-7db866e2\" class=\"elementor-nav-menu\"><li class=\"menu-item menu-item-type-post_type menu-item-object-page menu-item-653\"><a href=\"https:\/\/www.hp-security.at\/?page_id=159\" class=\"elementor-item\">VERTRIEBSPARTNER<\/a><\/li>\n<li class=\"menu-item menu-item-type-post_type menu-item-object-page menu-item-442\"><a href=\"https:\/\/www.hp-security.at\/?page_id=429\" class=\"elementor-item\">NIEDERLASSUNGEN<\/a><\/li>\n<li class=\"menu-item menu-item-type-post_type menu-item-object-page menu-item-652\"><a href=\"https:\/\/www.hp-security.at\/?page_id=364\" class=\"elementor-item\">INFO ELEKTROUNTERNEHMEN<\/a><\/li>\n<li class=\"menu-item menu-item-type-post_type menu-item-object-page menu-item-479\"><a href=\"https:\/\/www.hp-security.at\/?page_id=468\" class=\"elementor-item\">JOBS<\/a><\/li>\n<li class=\"menu-item menu-item-type-post_type menu-item-object-page menu-item-465\"><a href=\"https:\/\/www.hp-security.at\/?page_id=443\" class=\"elementor-item\">DOWNLOADS<\/a><\/li>\n<li class=\"menu-item menu-item-type-post_type menu-item-object-page menu-item-406\"><a href=\"https:\/\/www.hp-security.at\/?page_id=390\" class=\"elementor-item\">IMPRESSUM<\/a><\/li>\n<\/ul>\t\t\t<\/nav>\n\t\t\t\t\t<div class=\"elementor-menu-toggle\" role=\"button\" tabindex=\"0\" aria-label=\"Men\u00fc Umschalter\" aria-expanded=\"false\">\n\t\t\t<i aria-hidden=\"true\" role=\"presentation\" class=\"elementor-menu-toggle__icon--open eicon-menu-bar\"><\/i><i aria-hidden=\"true\" role=\"presentation\" class=\"elementor-menu-toggle__icon--close eicon-close\"><\/i>\t\t<\/div>\n\t\t\t\t\t<nav class=\"elementor-nav-menu--dropdown elementor-nav-menu__container\" aria-hidden=\"true\">\n\t\t\t\t<ul id=\"menu-2-7db866e2\" class=\"elementor-nav-menu\"><li class=\"menu-item menu-item-type-post_type menu-item-object-page menu-item-653\"><a href=\"https:\/\/www.hp-security.at\/?page_id=159\" class=\"elementor-item\" tabindex=\"-1\">VERTRIEBSPARTNER<\/a><\/li>\n<li class=\"menu-item menu-item-type-post_type menu-item-object-page menu-item-442\"><a href=\"https:\/\/www.hp-security.at\/?page_id=429\" class=\"elementor-item\" tabindex=\"-1\">NIEDERLASSUNGEN<\/a><\/li>\n<li class=\"menu-item menu-item-type-post_type menu-item-object-page menu-item-652\"><a href=\"https:\/\/www.hp-security.at\/?page_id=364\" class=\"elementor-item\" tabindex=\"-1\">INFO ELEKTROUNTERNEHMEN<\/a><\/li>\n<li class=\"menu-item menu-item-type-post_type menu-item-object-page menu-item-479\"><a href=\"https:\/\/www.hp-security.at\/?page_id=468\" class=\"elementor-item\" tabindex=\"-1\">JOBS<\/a><\/li>\n<li class=\"menu-item menu-item-type-post_type menu-item-object-page menu-item-465\"><a href=\"https:\/\/www.hp-security.at\/?page_id=443\" class=\"elementor-item\" tabindex=\"-1\">DOWNLOADS<\/a><\/li>\n<li class=\"menu-item menu-item-type-post_type menu-item-object-page menu-item-406\"><a href=\"https:\/\/www.hp-security.at\/?page_id=390\" class=\"elementor-item\" tabindex=\"-1\">IMPRESSUM<\/a><\/li>\n<\/ul>\t\t\t<\/nav>\n\t\t\t\t\t\t<\/div>\n\t\t\t\t<\/div>\n\t\t\t\t\t<\/div>\n\t\t<\/div>\n\t\t\t\t\t<\/div>\n\t\t<\/section>\n\t\t\t\t<section class=\"elementor-section elementor-inner-section elementor-element elementor-element-1aa788c6 elementor-section-content-top elementor-section-boxed elementor-section-height-default elementor-section-height-default\" data-id=\"1aa788c6\" data-element_type=\"section\" data-e-type=\"section\">\n\t\t\t\t\t\t<div class=\"elementor-container elementor-column-gap-default\">\n\t\t\t\t\t<div class=\"elementor-column elementor-col-50 elementor-inner-column elementor-element elementor-element-7190d45f\" data-id=\"7190d45f\" data-element_type=\"column\" data-e-type=\"column\">\n\t\t\t<div class=\"elementor-widget-wrap elementor-element-populated\">\n\t\t\t\t\t\t<div class=\"elementor-element elementor-element-49b333a elementor-widget elementor-widget-image\" data-id=\"49b333a\" data-element_type=\"widget\" data-e-type=\"widget\" data-widget_type=\"image.default\">\n\t\t\t\t<div class=\"elementor-widget-container\">\n\t\t\t\t\t\t\t\t\t\t\t\t\t\t\t<img fetchpriority=\"high\" decoding=\"async\" width=\"500\" height=\"497\" src=\"https:\/\/www.hp-security.at\/wp-content\/uploads\/2020\/02\/athene_rund.png\" class=\"attachment-large size-large wp-image-16\" alt=\"\" srcset=\"https:\/\/www.hp-security.at\/wp-content\/uploads\/2020\/02\/athene_rund.png 500w, https:\/\/www.hp-security.at\/wp-content\/uploads\/2020\/02\/athene_rund-300x298.png 300w, https:\/\/www.hp-security.at\/wp-content\/uploads\/2020\/02\/athene_rund-150x150.png 150w\" sizes=\"(max-width: 500px) 100vw, 500px\" \/>\t\t\t\t\t\t\t\t\t\t\t\t\t\t\t<\/div>\n\t\t\t\t<\/div>\n\t\t\t\t\t<\/div>\n\t\t<\/div>\n\t\t\t\t<div class=\"elementor-column elementor-col-50 elementor-inner-column elementor-element elementor-element-6ea9bfef\" data-id=\"6ea9bfef\" data-element_type=\"column\" data-e-type=\"column\">\n\t\t\t<div class=\"elementor-widget-wrap elementor-element-populated\">\n\t\t\t\t\t\t<div class=\"elementor-element elementor-element-6c6d720b elementor-widget elementor-widget-text-editor\" data-id=\"6c6d720b\" data-element_type=\"widget\" data-e-type=\"widget\" data-widget_type=\"text-editor.default\">\n\t\t\t\t<div class=\"elementor-widget-container\">\n\t\t\t\t\t\t\t\t\t<p>Immer <\/p>\t\t\t\t\t\t\t\t<\/div>\n\t\t\t\t<\/div>\n\t\t\t\t<div class=\"elementor-element elementor-element-59fc3769 elementor-widget elementor-widget-text-editor\" data-id=\"59fc3769\" data-element_type=\"widget\" data-e-type=\"widget\" data-widget_type=\"text-editor.default\">\n\t\t\t\t<div class=\"elementor-widget-container\">\n\t\t\t\t\t\t\t\t\t<p>F\u00fcr sie da<\/p>\t\t\t\t\t\t\t\t<\/div>\n\t\t\t\t<\/div>\n\t\t\t\t\t<\/div>\n\t\t<\/div>\n\t\t\t\t\t<\/div>\n\t\t<\/section>\n\t\t\t\t\t<\/div>\n\t\t<\/div>\n\t\t\t\t\t<\/div>\n\t\t<\/section>\n\t\t\t\t<section class=\"elementor-section elementor-top-section elementor-element elementor-element-ea0b752 elementor-section-boxed elementor-section-height-default elementor-section-height-default\" data-id=\"ea0b752\" data-element_type=\"section\" data-e-type=\"section\">\n\t\t\t\t\t\t<div class=\"elementor-container elementor-column-gap-default\">\n\t\t\t\t\t<div class=\"elementor-column elementor-col-100 elementor-top-column elementor-element elementor-element-32df548\" data-id=\"32df548\" data-element_type=\"column\" data-e-type=\"column\">\n\t\t\t<div class=\"elementor-widget-wrap elementor-element-populated\">\n\t\t\t\t\t\t<div class=\"elementor-element elementor-element-294a073 elementor-widget elementor-widget-heading\" data-id=\"294a073\" data-element_type=\"widget\" data-e-type=\"widget\" data-widget_type=\"heading.default\">\n\t\t\t\t<div class=\"elementor-widget-container\">\n\t\t\t\t\t<h2 class=\"elementor-heading-title elementor-size-default\">IMPRESSUM<\/h2>\t\t\t\t<\/div>\n\t\t\t\t<\/div>\n\t\t\t\t<div class=\"elementor-element elementor-element-bd91113 elementor-widget elementor-widget-text-editor\" data-id=\"bd91113\" data-element_type=\"widget\" data-e-type=\"widget\" data-widget_type=\"text-editor.default\">\n\t\t\t\t<div class=\"elementor-widget-container\">\n\t\t\t\t\t\t\t\t\t<p>F\u00fcr den Inhalt verantwortlich:<\/p><h2>HP-Security GmbH<\/h2><p>Gesch\u00e4ftsf\u00fchrer Peter Henhapl<\/p><p>Produkte &amp; Dienstleistungen: Sicherheitstechnik &amp; Sicherheitsplanung<\/p><p>Sommeregg 25 \u00b7 A-5301 Eugendorf<br \/>Tel. <strong>0800 \/ 500 824<\/strong> \u00b7 Fax <strong>0800 \/ 211 360<\/strong> \u00b7 Mobil +43-664-1419493<br \/>email: <a title=\"office@hp-security.at\" href=\"mailto:office@hp-security.at\">office@hp-security.at<\/a> \u00b7 <a title=\"www.hp-security.at\" href=\"http:\/\/www.hp-security.at\">www.hp-security.at<\/a><\/p><p><strong class=\"Text\">Service- und St\u00f6rungshotline:<\/strong><br \/>24h \/ 365 Tage im Jahr<br \/><strong class=\"Groesse\">Tel. 01-31 90 100 <\/strong><\/p><p><strong class=\"Text\">Notrufzentrale:<\/strong><br \/>24h \/ 365 Tage im Jahr<br \/><strong class=\"Groesse\">Tel. 01-31 3 15-660<\/strong><\/p><p>Firmenbuchnummer: 254841t<br \/>UID: ATU61209212<\/p><p>IBAN: AT98 2032 0171 0000 3777<br \/>BIC: ASPKAT2LXXX<\/p><p><a title=\"Link zum WKO-Eintrag\" href=\"http:\/\/firmen.wko.at\/Web\/DetailsKontakt.aspx?FirmaID=5a18279e-7e59-4023-a70f-a3c6328e9ec6&amp;Suchbegriff=hp-security&amp;StandortID=1294&amp;StandortName=eugendorf&amp;CategoryID=0&amp;Page=1\" target=\"_blank\" rel=\"noopener\"><img decoding=\"async\" title=\"ECG\" src=\"http:\/\/images.wko.at\/common\/icons\/ecg.gif\" alt=\"Information lt. ECG\" width=\"169\" height=\"23\" \/><\/a><\/p><h2>Webdesign &amp; Hosting<\/h2><p>Prodesign GmbH \u00b7 Freilassing \u00b7 <a title=\"Prodesign GmbH\" href=\"http:\/\/www.prodesign.cc\" target=\"_blank\" rel=\"noopener\">www.prodesign.cc<\/a><\/p><p><strong><a href=\"https:\/\/www.hp-security.at\/wp-content\/uploads\/2023\/09\/AGBs_2018.pdf\">Download AGBs<\/a><\/strong><br \/><strong><a href=\"https:\/\/www.hp-security.at\/wp-content\/uploads\/2023\/09\/Datenschutzerklaerung.pdf\">Download Datenschutz<\/a><\/strong><\/p>\t\t\t\t\t\t\t\t<\/div>\n\t\t\t\t<\/div>\n\t\t\t\t\t<\/div>\n\t\t<\/div>\n\t\t\t\t\t<\/div>\n\t\t<\/section>\n\t\t\t\t<\/div>\n\t\t","protected":false},"excerpt":{"rendered":"<p>Immer F\u00fcr sie da IMPRESSUM F\u00fcr den Inhalt verantwortlich: HP-Security GmbH Gesch\u00e4ftsf\u00fchrer Peter Henhapl Produkte &amp; Dienstleistungen: Sicherheitstechnik &amp; Sicherheitsplanung Sommeregg 25 \u00b7 A-5301 EugendorfTel. 0800 \/ 500 824 \u00b7 Fax 0800 \/ 211 360 \u00b7 Mobil +43-664-1419493email: office@hp-security.at \u00b7 www.hp-security.at Service- und St\u00f6rungshotline:24h \/ 365 Tage im JahrTel. 01-31 90 100 Notrufzentrale:24h \/ 365 [&hellip;]<\/p>\n","protected":false},"author":1,"featured_media":0,"parent":168,"menu_order":0,"comment_status":"closed","ping_status":"closed","template":"","meta":{"footnotes":""},"class_list":["post-390","page","type-page","status-publish","hentry"],"_links":{"self":[{"href":"https:\/\/www.hp-security.at\/index.php?rest_route=\/wp\/v2\/pages\/390","targetHints":{"allow":["GET"]}}],"collection":[{"href":"https:\/\/www.hp-security.at\/index.php?rest_route=\/wp\/v2\/pages"}],"about":[{"href":"https:\/\/www.hp-security.at\/index.php?rest_route=\/wp\/v2\/types\/page"}],"author":[{"embeddable":true,"href":"https:\/\/www.hp-security.at\/index.php?rest_route=\/wp\/v2\/users\/1"}],"replies":[{"embeddable":true,"href":"https:\/\/www.hp-security.at\/index.php?rest_route=%2Fwp%2Fv2%2Fcomments&post=390"}],"version-history":[{"count":20,"href":"https:\/\/www.hp-security.at\/index.php?rest_route=\/wp\/v2\/pages\/390\/revisions"}],"predecessor-version":[{"id":628,"href":"https:\/\/www.hp-security.at\/index.php?rest_route=\/wp\/v2\/pages\/390\/revisions\/628"}],"up":[{"embeddable":true,"href":"https:\/\/www.hp-security.at\/index.php?rest_route=\/wp\/v2\/pages\/168"}],"wp:attachment":[{"href":"https:\/\/www.hp-security.at\/index.php?rest_route=%2Fwp%2Fv2%2Fmedia&parent=390"}],"curies":[{"name":"wp","href":"https:\/\/api.w.org\/{rel}","templated":true}]}}