{"id":414,"date":"2023-09-25T17:16:30","date_gmt":"2023-09-25T17:16:30","guid":{"rendered":"https:\/\/www.hp-security.at\/?page_id=414"},"modified":"2023-09-26T19:27:20","modified_gmt":"2023-09-26T19:27:20","slug":"agbs","status":"publish","type":"page","link":"https:\/\/www.hp-security.at\/?page_id=414","title":{"rendered":"AGBs"},"content":{"rendered":"\t\t<div data-elementor-type=\"wp-page\" data-elementor-id=\"414\" class=\"elementor elementor-414\" data-elementor-post-type=\"page\">\n\t\t\t\t\t\t<section class=\"elementor-section elementor-top-section elementor-element elementor-element-b1902e2 elementor-section-stretched elementor-section-full_width elementor-section-height-min-height elementor-section-items-top elementor-section-height-default\" data-id=\"b1902e2\" data-element_type=\"section\" data-e-type=\"section\" data-settings=\"{&quot;stretch_section&quot;:&quot;section-stretched&quot;,&quot;background_background&quot;:&quot;classic&quot;}\">\n\t\t\t\t\t\t<div class=\"elementor-container elementor-column-gap-no\">\n\t\t\t\t\t<div class=\"elementor-column elementor-col-100 elementor-top-column elementor-element elementor-element-73c227f4\" data-id=\"73c227f4\" data-element_type=\"column\" data-e-type=\"column\">\n\t\t\t<div class=\"elementor-widget-wrap elementor-element-populated\">\n\t\t\t\t\t\t<section class=\"elementor-section elementor-inner-section elementor-element elementor-element-3b0b640 elementor-section-full_width elementor-hidden-tablet elementor-hidden-phone elementor-section-height-default elementor-section-height-default\" data-id=\"3b0b640\" data-element_type=\"section\" data-e-type=\"section\">\n\t\t\t\t\t\t<div class=\"elementor-container elementor-column-gap-default\">\n\t\t\t\t\t<div class=\"elementor-column elementor-col-100 elementor-inner-column elementor-element elementor-element-4ad7b159\" data-id=\"4ad7b159\" data-element_type=\"column\" data-e-type=\"column\" data-settings=\"{&quot;background_background&quot;:&quot;classic&quot;}\">\n\t\t\t<div class=\"elementor-widget-wrap elementor-element-populated\">\n\t\t\t\t\t\t<div class=\"elementor-element elementor-element-3b6f041e elementor-nav-menu__align-justify elementor-nav-menu--stretch elementor-nav-menu__text-align-center elementor-nav-menu--dropdown-tablet elementor-nav-menu--toggle elementor-nav-menu--burger elementor-widget elementor-widget-nav-menu\" data-id=\"3b6f041e\" data-element_type=\"widget\" data-e-type=\"widget\" data-settings=\"{&quot;full_width&quot;:&quot;stretch&quot;,&quot;layout&quot;:&quot;horizontal&quot;,&quot;submenu_icon&quot;:{&quot;value&quot;:&quot;&lt;i class=\\&quot;fas fa-caret-down\\&quot; aria-hidden=\\&quot;true\\&quot;&gt;&lt;\\\/i&gt;&quot;,&quot;library&quot;:&quot;fa-solid&quot;},&quot;toggle&quot;:&quot;burger&quot;}\" data-widget_type=\"nav-menu.default\">\n\t\t\t\t<div class=\"elementor-widget-container\">\n\t\t\t\t\t\t\t\t<nav aria-label=\"Men\u00fc\" class=\"elementor-nav-menu--main elementor-nav-menu__container elementor-nav-menu--layout-horizontal e--pointer-background e--animation-fade\">\n\t\t\t\t<ul id=\"menu-1-3b6f041e\" class=\"elementor-nav-menu\"><li class=\"menu-item menu-item-type-post_type menu-item-object-page menu-item-653\"><a href=\"https:\/\/www.hp-security.at\/?page_id=159\" class=\"elementor-item\">VERTRIEBSPARTNER<\/a><\/li>\n<li class=\"menu-item menu-item-type-post_type menu-item-object-page menu-item-442\"><a href=\"https:\/\/www.hp-security.at\/?page_id=429\" class=\"elementor-item\">NIEDERLASSUNGEN<\/a><\/li>\n<li class=\"menu-item menu-item-type-post_type menu-item-object-page menu-item-652\"><a href=\"https:\/\/www.hp-security.at\/?page_id=364\" class=\"elementor-item\">INFO ELEKTROUNTERNEHMEN<\/a><\/li>\n<li class=\"menu-item menu-item-type-post_type menu-item-object-page menu-item-479\"><a href=\"https:\/\/www.hp-security.at\/?page_id=468\" class=\"elementor-item\">JOBS<\/a><\/li>\n<li class=\"menu-item menu-item-type-post_type menu-item-object-page menu-item-465\"><a href=\"https:\/\/www.hp-security.at\/?page_id=443\" class=\"elementor-item\">DOWNLOADS<\/a><\/li>\n<li class=\"menu-item menu-item-type-post_type menu-item-object-page menu-item-406\"><a href=\"https:\/\/www.hp-security.at\/?page_id=390\" class=\"elementor-item\">IMPRESSUM<\/a><\/li>\n<\/ul>\t\t\t<\/nav>\n\t\t\t\t\t<div class=\"elementor-menu-toggle\" role=\"button\" tabindex=\"0\" aria-label=\"Men\u00fc Umschalter\" aria-expanded=\"false\">\n\t\t\t<i aria-hidden=\"true\" role=\"presentation\" class=\"elementor-menu-toggle__icon--open eicon-menu-bar\"><\/i><i aria-hidden=\"true\" role=\"presentation\" class=\"elementor-menu-toggle__icon--close eicon-close\"><\/i>\t\t<\/div>\n\t\t\t\t\t<nav class=\"elementor-nav-menu--dropdown elementor-nav-menu__container\" aria-hidden=\"true\">\n\t\t\t\t<ul id=\"menu-2-3b6f041e\" class=\"elementor-nav-menu\"><li class=\"menu-item menu-item-type-post_type menu-item-object-page menu-item-653\"><a href=\"https:\/\/www.hp-security.at\/?page_id=159\" class=\"elementor-item\" tabindex=\"-1\">VERTRIEBSPARTNER<\/a><\/li>\n<li class=\"menu-item menu-item-type-post_type menu-item-object-page menu-item-442\"><a href=\"https:\/\/www.hp-security.at\/?page_id=429\" class=\"elementor-item\" tabindex=\"-1\">NIEDERLASSUNGEN<\/a><\/li>\n<li class=\"menu-item menu-item-type-post_type menu-item-object-page menu-item-652\"><a href=\"https:\/\/www.hp-security.at\/?page_id=364\" class=\"elementor-item\" tabindex=\"-1\">INFO ELEKTROUNTERNEHMEN<\/a><\/li>\n<li class=\"menu-item menu-item-type-post_type menu-item-object-page menu-item-479\"><a href=\"https:\/\/www.hp-security.at\/?page_id=468\" class=\"elementor-item\" tabindex=\"-1\">JOBS<\/a><\/li>\n<li class=\"menu-item menu-item-type-post_type menu-item-object-page menu-item-465\"><a href=\"https:\/\/www.hp-security.at\/?page_id=443\" class=\"elementor-item\" tabindex=\"-1\">DOWNLOADS<\/a><\/li>\n<li class=\"menu-item menu-item-type-post_type menu-item-object-page menu-item-406\"><a href=\"https:\/\/www.hp-security.at\/?page_id=390\" class=\"elementor-item\" tabindex=\"-1\">IMPRESSUM<\/a><\/li>\n<\/ul>\t\t\t<\/nav>\n\t\t\t\t\t\t<\/div>\n\t\t\t\t<\/div>\n\t\t\t\t\t<\/div>\n\t\t<\/div>\n\t\t\t\t\t<\/div>\n\t\t<\/section>\n\t\t\t\t<section class=\"elementor-section elementor-inner-section elementor-element elementor-element-71dbca0b elementor-section-content-top elementor-section-boxed elementor-section-height-default elementor-section-height-default\" data-id=\"71dbca0b\" data-element_type=\"section\" data-e-type=\"section\">\n\t\t\t\t\t\t<div class=\"elementor-container elementor-column-gap-default\">\n\t\t\t\t\t<div class=\"elementor-column elementor-col-50 elementor-inner-column elementor-element elementor-element-4b6985e7\" data-id=\"4b6985e7\" data-element_type=\"column\" data-e-type=\"column\">\n\t\t\t<div class=\"elementor-widget-wrap elementor-element-populated\">\n\t\t\t\t\t\t<div class=\"elementor-element elementor-element-39ee948e elementor-widget elementor-widget-image\" data-id=\"39ee948e\" data-element_type=\"widget\" data-e-type=\"widget\" data-widget_type=\"image.default\">\n\t\t\t\t<div class=\"elementor-widget-container\">\n\t\t\t\t\t\t\t\t\t\t\t\t\t\t\t<img fetchpriority=\"high\" decoding=\"async\" width=\"500\" height=\"497\" src=\"https:\/\/www.hp-security.at\/wp-content\/uploads\/2020\/02\/athene_rund.png\" class=\"attachment-large size-large wp-image-16\" alt=\"\" srcset=\"https:\/\/www.hp-security.at\/wp-content\/uploads\/2020\/02\/athene_rund.png 500w, https:\/\/www.hp-security.at\/wp-content\/uploads\/2020\/02\/athene_rund-300x298.png 300w, https:\/\/www.hp-security.at\/wp-content\/uploads\/2020\/02\/athene_rund-150x150.png 150w\" sizes=\"(max-width: 500px) 100vw, 500px\" \/>\t\t\t\t\t\t\t\t\t\t\t\t\t\t\t<\/div>\n\t\t\t\t<\/div>\n\t\t\t\t\t<\/div>\n\t\t<\/div>\n\t\t\t\t<div class=\"elementor-column elementor-col-50 elementor-inner-column elementor-element elementor-element-9a77593\" data-id=\"9a77593\" data-element_type=\"column\" data-e-type=\"column\">\n\t\t\t<div class=\"elementor-widget-wrap elementor-element-populated\">\n\t\t\t\t\t\t<div class=\"elementor-element elementor-element-3789cf92 elementor-widget elementor-widget-text-editor\" data-id=\"3789cf92\" data-element_type=\"widget\" data-e-type=\"widget\" data-widget_type=\"text-editor.default\">\n\t\t\t\t<div class=\"elementor-widget-container\">\n\t\t\t\t\t\t\t\t\t<p>Immer <\/p>\t\t\t\t\t\t\t\t<\/div>\n\t\t\t\t<\/div>\n\t\t\t\t<div class=\"elementor-element elementor-element-45626e69 elementor-widget elementor-widget-text-editor\" data-id=\"45626e69\" data-element_type=\"widget\" data-e-type=\"widget\" data-widget_type=\"text-editor.default\">\n\t\t\t\t<div class=\"elementor-widget-container\">\n\t\t\t\t\t\t\t\t\t<p>F\u00fcr sie da<\/p>\t\t\t\t\t\t\t\t<\/div>\n\t\t\t\t<\/div>\n\t\t\t\t\t<\/div>\n\t\t<\/div>\n\t\t\t\t\t<\/div>\n\t\t<\/section>\n\t\t\t\t\t<\/div>\n\t\t<\/div>\n\t\t\t\t\t<\/div>\n\t\t<\/section>\n\t\t\t\t<section class=\"elementor-section elementor-top-section elementor-element elementor-element-69b206d elementor-section-boxed elementor-section-height-default elementor-section-height-default\" data-id=\"69b206d\" data-element_type=\"section\" data-e-type=\"section\">\n\t\t\t\t\t\t<div class=\"elementor-container elementor-column-gap-default\">\n\t\t\t\t\t<div class=\"elementor-column elementor-col-100 elementor-top-column elementor-element elementor-element-ea00bda\" data-id=\"ea00bda\" data-element_type=\"column\" data-e-type=\"column\">\n\t\t\t<div class=\"elementor-widget-wrap elementor-element-populated\">\n\t\t\t\t\t\t<div class=\"elementor-element elementor-element-2836357 elementor-widget elementor-widget-heading\" data-id=\"2836357\" data-element_type=\"widget\" data-e-type=\"widget\" data-widget_type=\"heading.default\">\n\t\t\t\t<div class=\"elementor-widget-container\">\n\t\t\t\t\t<h2 class=\"elementor-heading-title elementor-size-default\">Allgemeine Gesch\u00e4ftsbedingungen:<\/h2>\t\t\t\t<\/div>\n\t\t\t\t<\/div>\n\t\t\t\t<div class=\"elementor-element elementor-element-dc8bddd elementor-widget elementor-widget-text-editor\" data-id=\"dc8bddd\" data-element_type=\"widget\" data-e-type=\"widget\" data-widget_type=\"text-editor.default\">\n\t\t\t\t<div class=\"elementor-widget-container\">\n\t\t\t\t\t\t\t\t\t<div id=\"inner_body\"><div id=\"content\"><p><strong> 1. Einkauf<\/strong><br \/>Wir beliefern Sie zu den unten angef\u00fchrten Gesch\u00e4ftsbedingungen, die mit der Bestellung anerkannt werden.<\/p><p><strong>2. Vertragsabschluss<\/strong><br \/>Unsere Angebote sind freibleibend, d.h. Ihre Bestellung wird erst durch unsere Auftragsbest\u00e4tigung verbindlich. Wir behalten uns \u00c4nderungen der Produkte durch technische Weiterentwicklungen vor. Leichte farbliche Abweichungen zu den Farben im Katalog sind m\u00f6glich.<\/p><p><strong>3. Lieferzeit<\/strong><br \/>Viele unserer Produkte sind kurzfristig ab Lager innerhalb weniger Tage lieferbar. Die in der Auftragsbest\u00e4tigung angegebene Lieferzeit ist ein unverbindlicher Richtwert, da ein Teil unserer Produkte auftragsbezogen gefertigt werden bzw. Montagetermine eingeteilt werden m\u00fcssen. <br \/>Wird ein ausdr\u00fccklicher Fixtermin vereinbart, ist dieser f\u00fcr uns selbstverst\u00e4ndlich verbindlich.<\/p><p><strong>4. Preise<\/strong><br \/>Mit Erscheinen einer neuen Preisliste verlieren \u00e4ltere Preisangaben ihre G\u00fcltigkeit. <br \/>Alle Preise exkl. 20 % Mwst.<\/p><p><strong>5. Lieferung<\/strong><br \/>Mit der \u00dcbergabe der von Ihnen bestellten Ware an den Frachtf\u00fchrer (Post, Bahn, Paketdienst oder Spediteur) haben wir unsere Vertragspflichten erf\u00fcllt, und das Risiko geht auf Sie \u00fcber. Um m\u00f6gliche Transportsch\u00e4den trotzdem abzudecken, haben wir eine &#8211; f\u00fcr Sie kostenlose &#8211; Transportversicherung abgeschlossen. Unsere Verpackungen sind recyclebar.<\/p><p><strong>6. Eigentumsvorbehalt<\/strong><br \/>Erst bei vollst\u00e4ndiger Bezahlung der Bestellung bzw. mit Erf\u00fcllung aller bestehenden Forderungen geht die gelieferte Ware in das Eigentum des K\u00e4ufers \u00fcber.<\/p><p><strong>7. Beanstandungen<\/strong><br \/>Bitte pr\u00fcfen Sie die Ware beim Empfang auf Ihre Unversehrtheit! Offensichtliche M\u00e4ngel m\u00fcssen uns sofort nach Empfang der Ware angezeigt werden. Ein eventueller Transportschaden ist sofort bei \u00dcbernahme vom Transportunternehmen best\u00e4tigen zu lassen.<\/p><p><strong>8. Garantie<\/strong><br \/>Auf unsere Produkte erhalten Sie f\u00fcr die Dauer von 24 Monaten ab Anlieferung Garantie. Soweit im Katalog f\u00fcr einzelne Produkte eine l\u00e4ngere Frist angegeben wird, gilt dieser l\u00e4ngere Garantieleistungszeitraum. Werden an den Waren Ver\u00e4nderungen welcher Art auch immer vorgenommen, erlischt jegliche Gew\u00e4hrleistung und Garantie. Gew\u00e4hrleistung und Garantie beziehen sich nicht auf nat\u00fcrliche Abn\u00fctzung (z.B. Akkus bzw. Batterien), auf Sch\u00e4den in Folge fehlerhafter oder nachl\u00e4ssiger Behandlung, \u00fcberm\u00e4\u00dfiger Beanspruchung sowie chemischer oder elektrischer Einfl\u00fcsse, die ohne unser Verschulden entstehen oder bestehen.<\/p><p><strong>9. Gefahrenschutz<\/strong><br \/>Zum Schutz vor Gefahren durch elektrische Energie weisen wir darauf hin, dass der Einsatz (die Verwendung) der von uns gelieferten Waren nur im Rahmen der einschl\u00e4gigen technischen und gesetzlichen Bestimmungen, insbesondere der Elektrotechnikverordnung in der geltenden Fassung und hier nur durch befugte Fachleute (z.B. konzessionierte Elektrotechniker) vorgenommen werden darf.<\/p><p><strong>10. R\u00fccktrittsrecht<\/strong><br \/>Sie k\u00f6nnen binnen 7 Tagen schriftlich vom Vertrag zur\u00fccktreten. Bitte haben Sie Verst\u00e4ndnis daf\u00fcr, dass bei Sonderbestellungen wie Schlie\u00dfanlagen, Zylinder und Schl\u00fcssel ein R\u00fccktritt vom Vertrag nicht m\u00f6glich ist.<\/p><p><strong>11. Gerichtsstand<\/strong><br \/>Es kommt \u00d6sterreichisches Recht zur Anwendung. Gerichtsstand ist f\u00fcr beide Teile das zust\u00e4ndige Gericht in der Stadt Salzburg.<\/p><p><strong>12. Speicherung und Verarbeitung von Daten<\/strong><br \/>Personen- und unternehmensbezogene Daten unserer Kunden werden EDV-technisch gespeichert und verarbeitet, jedoch nicht an Dritte weitergegeben.<\/p><p><strong>13. Verkabelung Netzwerkbasierender Videoanlagen<\/strong><br \/>&#8211; Standard Netzwerk-Verkabelungen mit Cat-Kabel, sind auf 100m Leitungsl\u00e4nge begrenzt.<br \/>&#8211; F\u00fcr l\u00e4ngere Leitungsl\u00e4ngen werden Medienkonverter ben\u00f6tigt. <br \/>&#8211; Grundvoraussetzung f\u00fcr die Ausf\u00fchrung unserer Leistungen, ist einen funktionierende Netzwerktopologie.<\/p><p><strong>14. Softwareinstallation auf bestehenden EDV-Systemen <\/strong><br \/>Bei der Installation der Software muss der System-Verantwortlicher anwesend sein. Der EDV Verantwortliche ist f\u00fcr die Datensicherung verantwortlich. Einbauten von Zusatzkarten (z.B. Graphikkarten) m\u00fcssen vom EDV Verantwortlichen eingebaut und installiert werden.<\/p><p><strong>15. Dokumentationspflicht f\u00fcr Video\u00fcberwachungsanlagen lt. Datenschutz Grundverordnung<\/strong><br \/>&#8211; F\u00fcr Anlagen ohne Aufzeichnung besteht keine Meldepflicht. <br \/>&#8211; F\u00fcr Anlagen mit Aufzeichnung besteht Dokumentationspflicht der Anlage und Hinweispflicht der Mitarbeiter. <br \/>&#8211; Die Meldung an die Datenschutzkommission muss durch den Betreiber der Anlage erfolgen.<br \/>&#8211; Private Anlagen sind von der Meldeplicht ausgenommen.<\/p><p><strong>16. Kennzeichnungspflicht von Video\u00fcberwachungsanlagen <\/strong><br \/>Bitte unbedingt Aufkleber oder Schilder mit \u201eVideo\u00fcberwacht\u201c anbringen.<\/p><p><strong>17. Vom Kunden beizustellende Leistungen<\/strong><br \/>&#8211; Die Verkabelung der Sicherheitssysteme erfolgt entsprechend den Angaben von HP-Security GmbH <br \/>&#8211; Stromanschluss mit eigenem FI\/LS (bei Gewerbe Anwendungen) <br \/>&#8211; Beistellung einer Internetverbindung &#8211; Fixe IP-Adresse min. 1Mbit Upload<br \/>&#8211; Beistellung einer Unterbrechungsfreien Stromversorgung (USV) f\u00fcr die Videoanlage (falls erw\u00fcnscht<br \/>&#8211; Beistellung der erforderlichen Steighilfen (Steiger etc.)<br \/>&#8211; Installation der Unterputz &#8211; Geh\u00e4use<\/p><p><strong>18. Wlan Verbindungen<\/strong><br \/>Alle g\u00e4ngigen im Handel erh\u00e4ltlichen WLAN Router, Access Points, PC Karten, USB Sticks etc. arbeiten normalerweise in und ausschlie\u00dflich im Frequenzband <strong>2,4 GHz<\/strong>.<br \/>Das Problem im 2,4 GHz Frequenzband ist die kleine und begrenzte Anzahl an verf\u00fcgbaren Kan\u00e4len die genutzt werden k\u00f6nnen. So stehen in Europa 13 Kan\u00e4le zur Verf\u00fcgung, wovon aber nur 3 St\u00fcck \u00dcberlappungsfrei genutzt werden k\u00f6nnen. Gerade in gro\u00dfen Ballungsgebieten findet man h\u00e4ufig eine gro\u00dfe Anzahl von WLAN Netzwerken auf kleinster Fl\u00e4che. Das hat St\u00f6rungen und Interferenzen zur Folge.<br \/>Da WLAN Netzwerke sehr anf\u00e4llig f\u00fcr St\u00f6rfaktoren wie z.B. Biomasse oder Geb\u00e4udestrukturen sind und die Reichweite eines WLAN Netzwerkes sehr stark von diesen St\u00f6rfaktoren abh\u00e4ngig sind, k\u00f6nnen erst genaue Ergebnisse im Zuge der Installation gefunden werden. Da es sich hier um freie Frequenzen handelt haben wir in Ballungszentren keinerlei Einfluss auf Nachbarobjekte.<\/p><p><strong>19. Dyn.DNS Dienste<\/strong><br \/>Dynamisches DNS ist eine Technik, um dynamisch IP Adressen zu aktualisieren. Der Zweck ist, dass ein nach dem Wechsel der IP-Adresse automatisch und schnell den dazugeh\u00f6rigen Domaineintrag \u00e4ndert. So ist der Rechner immer unter demselben Domainnamen erreichbar, auch wenn die aktuelle IP-Adresse f\u00fcr den Nutzer nicht bekannt ist. Wir \u00fcbernehmen keine Haftung f\u00fcr die \u00dcbermittlung der aktualisierten Daten, dies setzt eine Funktion der Router voraus. Bei Stromausf\u00e4llen oder Abst\u00fcrzen der Router, muss evtl. ein Neustart der Router durchgef\u00fchrt werden. Dies obliegt dem Betreiber der Anlage. Um Probleme dahin gehend vorzubeugen, empfehlen wir fixe IP Adressen.<\/p><p><strong>20. Portweiterleitung (port forwarding)<\/strong><br \/>F\u00fcr den Zugriff von Au\u00dfen, mit mobilen Devices, muss am Router nach unseren Angaben eine Portweiterleitung eingerichtet werden. Dies muss durch den Betreiber des Routers bzw. der Firewall durchgef\u00fchrt werden.<\/p><p>\u00a0<\/p><h3>Verwendung automatisch erhobener, nicht-personenbezogener Daten<\/h3><p>Wir begr\u00fc\u00dfen jeden, unsere Seiten kostenlos zu besuchen, zu benutzen und die dort angebotenen Produkte zu betrachten. Wenn Sie unsere Website besuchen, protokollieren wir Ihre <strong>verk\u00fcrzte IP-Adresse<\/strong> (d.h. die Internetadresse Ihres Computers, nicht Ihre E-Mailadresse) und andere allgemeine Daten, zur Beurteilung bzgl. der Verweildauer auf den einzelnen Seiten wie auch zur Analyse welche Teile unserer Website besucht werden. Diese statistischen Daten werden mit den Nutzungsdaten aller Besucher zusammengef\u00fchrt und nur f\u00fcr interne Zwecke verwendet. Ein R\u00fcckschluss auf die Person im Einzelnen ist hierbei nicht m\u00f6glich. Wir verwenden diese statistischen Daten, um unsere Produkte und Angebote zu bewerten, sowie zur Verbesserung der Nutzung, weiteren Optimierung und Entwicklung unseres Webauftrittes.<\/p><p>Diese Website benutzt Google Analytics, einen Webanalysedienst der Google Inc. (\u201eGoogle\u201c). Google Analytics verwendet sog. \u201eCookies\u201c, Textdateien, die auf Ihrem Computer gespeichert werden und die eine Analyse der Benutzung der Website durch Sie erm\u00f6glichen. Die durch den Cookie erzeugten Informationen \u00fcber Ihre Benutzung dieser Website werden in der Regel an einen Server von Google in den USA \u00fcbertragen und dort gespeichert.<\/p><p>Auf dieser Website wurde Google Analytics um den Code zur anonymisierten Erfassung von IP-Adressen (sog. IP-Masking) erweitert.\u00a0 Deshalb wird Ihre IP-Adresse von Google innerhalb von Mitgliedstaaten der Europ\u00e4ischen Union oder in anderen Vertragsstaaten des Abkommens \u00fcber den Europ\u00e4ischen Wirtschaftsraum zuvor gek\u00fcrzt. Nur in Ausnahmef\u00e4llen wird die volle IP-Adresse an einen Server von Google in den USA \u00fcbertragen und dort gek\u00fcrzt.<\/p><p>Im Auftrag des Betreibers dieser Website wird Google diese Informationen benutzen, um Ihre Nutzung der Website auszuwerten, um Reports \u00fcber die Websiteaktivit\u00e4ten zusammenzustellen und um weitere mit der Websitenutzung und der Internetnutzung verbundene Dienstleistungen gegen\u00fcber dem Websitebetreiber zu erbringen. Die im Rahmen von Google Analytics von Ihrem Browser \u00fcbermittelte IP-Adresse wird nicht mit anderen Daten von Google zusammengef\u00fchrt.<\/p><p>Sie k\u00f6nnen die Speicherung der Cookies durch eine entsprechende Einstellung Ihrer Browser-Software verhindern; wir weisen Sie jedoch darauf hin, dass Sie in diesem Fall gegebenenfalls nicht s\u00e4mtliche Funktionen dieser Website vollumf\u00e4nglich werden nutzen k\u00f6nnen.<\/p><p>Sie k\u00f6nnen die Erfassung der durch das Cookie erzeugten und auf Ihre Nutzung der Website bezogenen Daten (inkl. Ihrer IP-Adresse) an Google sowie die Verarbeitung dieser Daten durch Google verhindern, indem sie das unter dem folgenden Link verf\u00fcgbare <a href=\"http:\/\/tools.google.com\/dlpage\/gaoptout?hl=de\" target=\"_blank\" rel=\"noopener\">Browser-Plugin herunterladen und installieren<\/a>.<\/p><p>Sie k\u00f6nnen die Erfassung durch Google Analytics verhindern, indem Sie auf folgenden Link klicken. Es wird ein Opt-Out-Cookie gesetzt, das die zuk\u00fcnftige Erfassung Ihrer Daten beim Besuch dieser Website verhindert: <a>Google Analytics deaktivieren.<\/a><\/p><p>N\u00e4here Informationen zu Nutzungsbedingungen und Datenschutz finden Sie unter <a href=\"http:\/\/www.google.com\/analytics\/terms\/de.html\" target=\"_blank\" rel=\"noopener\">http:\/\/www.google.com\/analytics\/terms\/de.html<\/a> bzw. unter\u00a0<a href=\"https:\/\/www.google.de\/intl\/de\/policies\/\" target=\"_blank\" rel=\"noopener\">https:\/\/www.google.de\/intl\/de\/policies\/<\/a>.<\/p><p>Durch die Nutzung dieser Website erkl\u00e4ren Sie sich mit der Bearbeitung der \u00fcber Sie erhobenen Daten durch Google in der zuvor beschriebenen Art und Weise und zu dem zuvor benannten Zweck einverstanden.<\/p><p>Weder enth\u00fcllen noch enthalten Cookies irgendwelche personenbezogenen Daten. Cookies k\u00f6nnen keine Informationen von Ihrem Computer auslesen oder mit anderen Cookies auf Ihrer Festplatte zusammenwirken. Durch Cookies ist es uns jedoch m\u00f6glich, Ihnen einen reibungslosen Besuch unserer Website zu erm\u00f6glichen und Sie bei einem sp\u00e4teren Besuch wiederzuerkennen.<\/p><\/div><\/div>\t\t\t\t\t\t\t\t<\/div>\n\t\t\t\t<\/div>\n\t\t\t\t\t<\/div>\n\t\t<\/div>\n\t\t\t\t\t<\/div>\n\t\t<\/section>\n\t\t\t\t<\/div>\n\t\t","protected":false},"excerpt":{"rendered":"<p>Immer F\u00fcr sie da Allgemeine Gesch\u00e4ftsbedingungen: 1. EinkaufWir beliefern Sie zu den unten angef\u00fchrten Gesch\u00e4ftsbedingungen, die mit der Bestellung anerkannt werden. 2. VertragsabschlussUnsere Angebote sind freibleibend, d.h. Ihre Bestellung wird erst durch unsere Auftragsbest\u00e4tigung verbindlich. Wir behalten uns \u00c4nderungen der Produkte durch technische Weiterentwicklungen vor. Leichte farbliche Abweichungen zu den Farben im Katalog sind m\u00f6glich. [&hellip;]<\/p>\n","protected":false},"author":1,"featured_media":0,"parent":0,"menu_order":0,"comment_status":"closed","ping_status":"closed","template":"","meta":{"footnotes":""},"class_list":["post-414","page","type-page","status-publish","hentry"],"_links":{"self":[{"href":"https:\/\/www.hp-security.at\/index.php?rest_route=\/wp\/v2\/pages\/414","targetHints":{"allow":["GET"]}}],"collection":[{"href":"https:\/\/www.hp-security.at\/index.php?rest_route=\/wp\/v2\/pages"}],"about":[{"href":"https:\/\/www.hp-security.at\/index.php?rest_route=\/wp\/v2\/types\/page"}],"author":[{"embeddable":true,"href":"https:\/\/www.hp-security.at\/index.php?rest_route=\/wp\/v2\/users\/1"}],"replies":[{"embeddable":true,"href":"https:\/\/www.hp-security.at\/index.php?rest_route=%2Fwp%2Fv2%2Fcomments&post=414"}],"version-history":[{"count":7,"href":"https:\/\/www.hp-security.at\/index.php?rest_route=\/wp\/v2\/pages\/414\/revisions"}],"predecessor-version":[{"id":631,"href":"https:\/\/www.hp-security.at\/index.php?rest_route=\/wp\/v2\/pages\/414\/revisions\/631"}],"wp:attachment":[{"href":"https:\/\/www.hp-security.at\/index.php?rest_route=%2Fwp%2Fv2%2Fmedia&parent=414"}],"curies":[{"name":"wp","href":"https:\/\/api.w.org\/{rel}","templated":true}]}}