{"id":502,"date":"2023-09-26T18:01:01","date_gmt":"2023-09-26T18:01:01","guid":{"rendered":"https:\/\/www.hp-security.at\/?page_id=502"},"modified":"2023-09-30T15:49:29","modified_gmt":"2023-09-30T15:49:29","slug":"sicherheitsberatung","status":"publish","type":"page","link":"https:\/\/www.hp-security.at\/?page_id=502","title":{"rendered":"Sicherheitsberatung"},"content":{"rendered":"\t\t<div data-elementor-type=\"wp-page\" data-elementor-id=\"502\" class=\"elementor elementor-502\" data-elementor-post-type=\"page\">\n\t\t\t\t\t\t<section class=\"elementor-section elementor-top-section elementor-element elementor-element-16d70f15 elementor-section-stretched elementor-section-full_width elementor-section-height-min-height elementor-section-items-top elementor-section-height-default\" data-id=\"16d70f15\" data-element_type=\"section\" data-e-type=\"section\" data-settings=\"{&quot;stretch_section&quot;:&quot;section-stretched&quot;,&quot;background_background&quot;:&quot;classic&quot;}\">\n\t\t\t\t\t\t<div class=\"elementor-container elementor-column-gap-no\">\n\t\t\t\t\t<div class=\"elementor-column elementor-col-100 elementor-top-column elementor-element elementor-element-113cda22\" data-id=\"113cda22\" data-element_type=\"column\" data-e-type=\"column\">\n\t\t\t<div class=\"elementor-widget-wrap elementor-element-populated\">\n\t\t\t\t\t\t<section class=\"elementor-section elementor-inner-section elementor-element elementor-element-5c721fa elementor-section-full_width elementor-hidden-tablet elementor-hidden-phone elementor-section-height-default elementor-section-height-default\" data-id=\"5c721fa\" data-element_type=\"section\" data-e-type=\"section\">\n\t\t\t\t\t\t<div class=\"elementor-container elementor-column-gap-default\">\n\t\t\t\t\t<div class=\"elementor-column elementor-col-100 elementor-inner-column elementor-element elementor-element-24db4630\" data-id=\"24db4630\" data-element_type=\"column\" data-e-type=\"column\" data-settings=\"{&quot;background_background&quot;:&quot;classic&quot;}\">\n\t\t\t<div class=\"elementor-widget-wrap elementor-element-populated\">\n\t\t\t\t\t\t<div class=\"elementor-element elementor-element-58a11dc9 elementor-nav-menu__align-justify elementor-nav-menu--stretch elementor-nav-menu__text-align-center elementor-nav-menu--dropdown-tablet elementor-nav-menu--toggle elementor-nav-menu--burger elementor-widget elementor-widget-nav-menu\" data-id=\"58a11dc9\" data-element_type=\"widget\" data-e-type=\"widget\" data-settings=\"{&quot;full_width&quot;:&quot;stretch&quot;,&quot;layout&quot;:&quot;horizontal&quot;,&quot;submenu_icon&quot;:{&quot;value&quot;:&quot;&lt;i class=\\&quot;fas fa-caret-down\\&quot; aria-hidden=\\&quot;true\\&quot;&gt;&lt;\\\/i&gt;&quot;,&quot;library&quot;:&quot;fa-solid&quot;},&quot;toggle&quot;:&quot;burger&quot;}\" data-widget_type=\"nav-menu.default\">\n\t\t\t\t<div class=\"elementor-widget-container\">\n\t\t\t\t\t\t\t\t<nav aria-label=\"Men\u00fc\" class=\"elementor-nav-menu--main elementor-nav-menu__container elementor-nav-menu--layout-horizontal e--pointer-background e--animation-fade\">\n\t\t\t\t<ul id=\"menu-1-58a11dc9\" class=\"elementor-nav-menu\"><li class=\"menu-item menu-item-type-post_type menu-item-object-page menu-item-513\"><a href=\"https:\/\/www.hp-security.at\/?page_id=488\" class=\"elementor-item\">WIR \u00dcBER UNS<\/a><\/li>\n<li class=\"menu-item menu-item-type-post_type menu-item-object-page menu-item-512\"><a href=\"https:\/\/www.hp-security.at\/?page_id=502\" class=\"elementor-item\">SICHERHEITSBERATUNG<\/a><\/li>\n<li class=\"menu-item menu-item-type-post_type menu-item-object-page menu-item-520\"><a href=\"https:\/\/www.hp-security.at\/?page_id=514\" class=\"elementor-item\">DIENSTLEISTUNGEN<\/a><\/li>\n<li class=\"menu-item menu-item-type-post_type menu-item-object-page menu-item-531\"><a href=\"https:\/\/www.hp-security.at\/?page_id=521\" class=\"elementor-item\">AKTUELL<\/a><\/li>\n<\/ul>\t\t\t<\/nav>\n\t\t\t\t\t<div class=\"elementor-menu-toggle\" role=\"button\" tabindex=\"0\" aria-label=\"Men\u00fc Umschalter\" aria-expanded=\"false\">\n\t\t\t<i aria-hidden=\"true\" role=\"presentation\" class=\"elementor-menu-toggle__icon--open eicon-menu-bar\"><\/i><i aria-hidden=\"true\" role=\"presentation\" class=\"elementor-menu-toggle__icon--close eicon-close\"><\/i>\t\t<\/div>\n\t\t\t\t\t<nav class=\"elementor-nav-menu--dropdown elementor-nav-menu__container\" aria-hidden=\"true\">\n\t\t\t\t<ul id=\"menu-2-58a11dc9\" class=\"elementor-nav-menu\"><li class=\"menu-item menu-item-type-post_type menu-item-object-page menu-item-513\"><a href=\"https:\/\/www.hp-security.at\/?page_id=488\" class=\"elementor-item\" tabindex=\"-1\">WIR \u00dcBER UNS<\/a><\/li>\n<li class=\"menu-item menu-item-type-post_type menu-item-object-page menu-item-512\"><a href=\"https:\/\/www.hp-security.at\/?page_id=502\" class=\"elementor-item\" tabindex=\"-1\">SICHERHEITSBERATUNG<\/a><\/li>\n<li class=\"menu-item menu-item-type-post_type menu-item-object-page menu-item-520\"><a href=\"https:\/\/www.hp-security.at\/?page_id=514\" class=\"elementor-item\" tabindex=\"-1\">DIENSTLEISTUNGEN<\/a><\/li>\n<li class=\"menu-item menu-item-type-post_type menu-item-object-page menu-item-531\"><a href=\"https:\/\/www.hp-security.at\/?page_id=521\" class=\"elementor-item\" tabindex=\"-1\">AKTUELL<\/a><\/li>\n<\/ul>\t\t\t<\/nav>\n\t\t\t\t\t\t<\/div>\n\t\t\t\t<\/div>\n\t\t\t\t\t<\/div>\n\t\t<\/div>\n\t\t\t\t\t<\/div>\n\t\t<\/section>\n\t\t\t\t<section class=\"elementor-section elementor-inner-section elementor-element elementor-element-6c3f59da elementor-section-content-top elementor-section-boxed elementor-section-height-default elementor-section-height-default\" data-id=\"6c3f59da\" data-element_type=\"section\" data-e-type=\"section\">\n\t\t\t\t\t\t<div class=\"elementor-container elementor-column-gap-default\">\n\t\t\t\t\t<div class=\"elementor-column elementor-col-50 elementor-inner-column elementor-element elementor-element-581e4099\" data-id=\"581e4099\" data-element_type=\"column\" data-e-type=\"column\">\n\t\t\t<div class=\"elementor-widget-wrap elementor-element-populated\">\n\t\t\t\t\t\t<div class=\"elementor-element elementor-element-29f92584 elementor-widget elementor-widget-image\" data-id=\"29f92584\" data-element_type=\"widget\" data-e-type=\"widget\" data-widget_type=\"image.default\">\n\t\t\t\t<div class=\"elementor-widget-container\">\n\t\t\t\t\t\t\t\t\t\t\t\t\t\t\t<img fetchpriority=\"high\" decoding=\"async\" width=\"500\" height=\"497\" src=\"https:\/\/www.hp-security.at\/wp-content\/uploads\/2020\/02\/athene_rund.png\" class=\"attachment-large size-large wp-image-16\" alt=\"\" srcset=\"https:\/\/www.hp-security.at\/wp-content\/uploads\/2020\/02\/athene_rund.png 500w, https:\/\/www.hp-security.at\/wp-content\/uploads\/2020\/02\/athene_rund-300x298.png 300w, https:\/\/www.hp-security.at\/wp-content\/uploads\/2020\/02\/athene_rund-150x150.png 150w\" sizes=\"(max-width: 500px) 100vw, 500px\" \/>\t\t\t\t\t\t\t\t\t\t\t\t\t\t\t<\/div>\n\t\t\t\t<\/div>\n\t\t\t\t\t<\/div>\n\t\t<\/div>\n\t\t\t\t<div class=\"elementor-column elementor-col-50 elementor-inner-column elementor-element elementor-element-64e9a80c\" data-id=\"64e9a80c\" data-element_type=\"column\" data-e-type=\"column\">\n\t\t\t<div class=\"elementor-widget-wrap elementor-element-populated\">\n\t\t\t\t\t\t<div class=\"elementor-element elementor-element-3a957f31 elementor-widget elementor-widget-text-editor\" data-id=\"3a957f31\" data-element_type=\"widget\" data-e-type=\"widget\" data-widget_type=\"text-editor.default\">\n\t\t\t\t<div class=\"elementor-widget-container\">\n\t\t\t\t\t\t\t\t\t<p>Immer <\/p>\t\t\t\t\t\t\t\t<\/div>\n\t\t\t\t<\/div>\n\t\t\t\t<div class=\"elementor-element elementor-element-6f27b362 elementor-widget elementor-widget-text-editor\" data-id=\"6f27b362\" data-element_type=\"widget\" data-e-type=\"widget\" data-widget_type=\"text-editor.default\">\n\t\t\t\t<div class=\"elementor-widget-container\">\n\t\t\t\t\t\t\t\t\t<p>F\u00fcr sie da<\/p>\t\t\t\t\t\t\t\t<\/div>\n\t\t\t\t<\/div>\n\t\t\t\t\t<\/div>\n\t\t<\/div>\n\t\t\t\t\t<\/div>\n\t\t<\/section>\n\t\t\t\t\t<\/div>\n\t\t<\/div>\n\t\t\t\t\t<\/div>\n\t\t<\/section>\n\t\t\t\t<section class=\"elementor-section elementor-top-section elementor-element elementor-element-551d38b elementor-section-stretched elementor-section-full_width elementor-section-height-default elementor-section-height-default\" data-id=\"551d38b\" data-element_type=\"section\" data-e-type=\"section\" data-settings=\"{&quot;stretch_section&quot;:&quot;section-stretched&quot;,&quot;background_background&quot;:&quot;classic&quot;}\">\n\t\t\t\t\t\t<div class=\"elementor-container elementor-column-gap-default\">\n\t\t\t\t\t<div class=\"elementor-column elementor-col-50 elementor-top-column elementor-element elementor-element-0425329\" data-id=\"0425329\" data-element_type=\"column\" data-e-type=\"column\">\n\t\t\t<div class=\"elementor-widget-wrap elementor-element-populated\">\n\t\t\t\t\t\t<div class=\"elementor-element elementor-element-47ed9a7 elementor-widget elementor-widget-heading\" data-id=\"47ed9a7\" data-element_type=\"widget\" data-e-type=\"widget\" data-widget_type=\"heading.default\">\n\t\t\t\t<div class=\"elementor-widget-container\">\n\t\t\t\t\t<h2 class=\"elementor-heading-title elementor-size-default\">Sicherheitsberatung<\/h2>\t\t\t\t<\/div>\n\t\t\t\t<\/div>\n\t\t\t\t<section class=\"elementor-section elementor-inner-section elementor-element elementor-element-4b2b41e elementor-section-boxed elementor-section-height-default elementor-section-height-default\" data-id=\"4b2b41e\" data-element_type=\"section\" data-e-type=\"section\">\n\t\t\t\t\t\t<div class=\"elementor-container elementor-column-gap-default\">\n\t\t\t\t\t<div class=\"elementor-column elementor-col-33 elementor-inner-column elementor-element elementor-element-11b3c6b\" data-id=\"11b3c6b\" data-element_type=\"column\" data-e-type=\"column\">\n\t\t\t<div class=\"elementor-widget-wrap elementor-element-populated\">\n\t\t\t\t\t\t<div class=\"elementor-element elementor-element-fda8da1 elementor-widget elementor-widget-text-editor\" data-id=\"fda8da1\" data-element_type=\"widget\" data-e-type=\"widget\" data-widget_type=\"text-editor.default\">\n\t\t\t\t<div class=\"elementor-widget-container\">\n\t\t\t\t\t\t\t\t\t<ul><li>Analysen<\/li><li>Expertisen<\/li><li>Konzepte<\/li><li>Planung<\/li><li>Ausschreibung<\/li><li>Ausf\u00fchrungs\u00fcberwachung<\/li><li>Abnahme<\/li><li>After Sales konzepte<\/li><\/ul>\t\t\t\t\t\t\t\t<\/div>\n\t\t\t\t<\/div>\n\t\t\t\t\t<\/div>\n\t\t<\/div>\n\t\t\t\t<div class=\"elementor-column elementor-col-33 elementor-inner-column elementor-element elementor-element-c31fce3\" data-id=\"c31fce3\" data-element_type=\"column\" data-e-type=\"column\">\n\t\t\t<div class=\"elementor-widget-wrap elementor-element-populated\">\n\t\t\t\t\t\t<div class=\"elementor-element elementor-element-8f8fcab elementor-hidden-mobile elementor-widget elementor-widget-text-editor\" data-id=\"8f8fcab\" data-element_type=\"widget\" data-e-type=\"widget\" data-widget_type=\"text-editor.default\">\n\t\t\t\t<div class=\"elementor-widget-container\">\n\t\t\t\t\t\t\t\t\t<p>}<br><\/p>\t\t\t\t\t\t\t\t<\/div>\n\t\t\t\t<\/div>\n\t\t\t\t\t<\/div>\n\t\t<\/div>\n\t\t\t\t<div class=\"elementor-column elementor-col-33 elementor-inner-column elementor-element elementor-element-57072fe elementor-hidden-mobile\" data-id=\"57072fe\" data-element_type=\"column\" data-e-type=\"column\">\n\t\t\t<div class=\"elementor-widget-wrap elementor-element-populated\">\n\t\t\t\t\t\t<div class=\"elementor-element elementor-element-c849eb8 elementor-widget elementor-widget-text-editor\" data-id=\"c849eb8\" data-element_type=\"widget\" data-e-type=\"widget\" data-widget_type=\"text-editor.default\">\n\t\t\t\t<div class=\"elementor-widget-container\">\n\t\t\t\t\t\t\t\t\t<ul><li>organisatorisch<\/li><li>sicherheitstechnisch<\/li><li>informationstechnisch<\/li><li>personell<\/li><li>baulich<\/li><\/ul><div>\u00a0<\/div><div>\u00a0<\/div>\t\t\t\t\t\t\t\t<\/div>\n\t\t\t\t<\/div>\n\t\t\t\t\t<\/div>\n\t\t<\/div>\n\t\t\t\t\t<\/div>\n\t\t<\/section>\n\t\t\t\t<div class=\"elementor-element elementor-element-7a6cb53 elementor-widget elementor-widget-text-editor\" data-id=\"7a6cb53\" data-element_type=\"widget\" data-e-type=\"widget\" data-widget_type=\"text-editor.default\">\n\t\t\t\t<div class=\"elementor-widget-container\">\n\t\t\t\t\t\t\t\t\t<h3>Risiko und Schwachstellenanalyse<\/h3>\n<p>Wie ist es um Ihre Sicherheit bestellt?<\/p>\n<ul>\n<li>Ist das Sicherheitsniveau in Ihren Verantwortungsbereichen ausreichend?<\/li>\n<li>Gibt es unentdeckte Schwachstellen?<\/li>\n<li>Sind vorhandene Sicherheitsma\u00dfnahmen wirksam, oder wurden diese unterlaufen und in ihrer Wirksamkeit beeintr\u00e4chtigt?<\/li>\n<\/ul>\n<h3>Definition von Schutzzielen<\/h3>\n<p>Analyse von Risiken und Restrisiken.<br>Bewertung von Sicherheitseinrichtungen und Organisation.<br>Erstellung von Ma\u00dfnahmenkatalogen (nach Priorit\u00e4t).<\/p>\n<p>Alarmanlagen, Alarm-Managementsysteme, Brandmeldeanlagen,<br>CCTV-Systeme, Fluchtwegsicherung, Freigel\u00e4ndesicherung,<br>Notfallpl\u00e4ne, Training, Zutrittskontrollanlagen &#8230;<\/p>\n<p><strong>&nbsp;<\/strong><\/p>\t\t\t\t\t\t\t\t<\/div>\n\t\t\t\t<\/div>\n\t\t\t\t\t<\/div>\n\t\t<\/div>\n\t\t\t\t<div class=\"elementor-column elementor-col-50 elementor-top-column elementor-element elementor-element-f36b0b8 elementor-hidden-phone\" data-id=\"f36b0b8\" data-element_type=\"column\" data-e-type=\"column\">\n\t\t\t<div class=\"elementor-widget-wrap elementor-element-populated\">\n\t\t\t\t\t\t<div class=\"elementor-element elementor-element-84c78a2 elementor-widget__width-initial elementor-fixed elementor-widget elementor-widget-image\" data-id=\"84c78a2\" data-element_type=\"widget\" data-e-type=\"widget\" data-settings=\"{&quot;_position&quot;:&quot;fixed&quot;}\" data-widget_type=\"image.default\">\n\t\t\t\t<div class=\"elementor-widget-container\">\n\t\t\t\t\t\t\t\t\t\t\t\t\t\t\t<img decoding=\"async\" width=\"800\" height=\"957\" src=\"https:\/\/www.hp-security.at\/wp-content\/uploads\/2020\/02\/Athene_BG.png\" class=\"attachment-large size-large wp-image-15\" alt=\"\" srcset=\"https:\/\/www.hp-security.at\/wp-content\/uploads\/2020\/02\/Athene_BG.png 800w, https:\/\/www.hp-security.at\/wp-content\/uploads\/2020\/02\/Athene_BG-251x300.png 251w, https:\/\/www.hp-security.at\/wp-content\/uploads\/2020\/02\/Athene_BG-768x919.png 768w\" sizes=\"(max-width: 800px) 100vw, 800px\" \/>\t\t\t\t\t\t\t\t\t\t\t\t\t\t\t<\/div>\n\t\t\t\t<\/div>\n\t\t\t\t\t<\/div>\n\t\t<\/div>\n\t\t\t\t\t<\/div>\n\t\t<\/section>\n\t\t\t\t<\/div>\n\t\t","protected":false},"excerpt":{"rendered":"<p>Immer F\u00fcr sie da Sicherheitsberatung Analysen Expertisen Konzepte Planung Ausschreibung Ausf\u00fchrungs\u00fcberwachung Abnahme After Sales konzepte } organisatorisch sicherheitstechnisch informationstechnisch personell baulich \u00a0\u00a0 Risiko und Schwachstellenanalyse Wie ist es um Ihre Sicherheit bestellt? Ist das Sicherheitsniveau in Ihren Verantwortungsbereichen ausreichend? Gibt es unentdeckte Schwachstellen? Sind vorhandene Sicherheitsma\u00dfnahmen wirksam, oder wurden diese unterlaufen und in ihrer Wirksamkeit [&hellip;]<\/p>\n","protected":false},"author":1,"featured_media":0,"parent":486,"menu_order":0,"comment_status":"closed","ping_status":"closed","template":"","meta":{"footnotes":""},"class_list":["post-502","page","type-page","status-publish","hentry"],"_links":{"self":[{"href":"https:\/\/www.hp-security.at\/index.php?rest_route=\/wp\/v2\/pages\/502","targetHints":{"allow":["GET"]}}],"collection":[{"href":"https:\/\/www.hp-security.at\/index.php?rest_route=\/wp\/v2\/pages"}],"about":[{"href":"https:\/\/www.hp-security.at\/index.php?rest_route=\/wp\/v2\/types\/page"}],"author":[{"embeddable":true,"href":"https:\/\/www.hp-security.at\/index.php?rest_route=\/wp\/v2\/users\/1"}],"replies":[{"embeddable":true,"href":"https:\/\/www.hp-security.at\/index.php?rest_route=%2Fwp%2Fv2%2Fcomments&post=502"}],"version-history":[{"count":16,"href":"https:\/\/www.hp-security.at\/index.php?rest_route=\/wp\/v2\/pages\/502\/revisions"}],"predecessor-version":[{"id":637,"href":"https:\/\/www.hp-security.at\/index.php?rest_route=\/wp\/v2\/pages\/502\/revisions\/637"}],"up":[{"embeddable":true,"href":"https:\/\/www.hp-security.at\/index.php?rest_route=\/wp\/v2\/pages\/486"}],"wp:attachment":[{"href":"https:\/\/www.hp-security.at\/index.php?rest_route=%2Fwp%2Fv2%2Fmedia&parent=502"}],"curies":[{"name":"wp","href":"https:\/\/api.w.org\/{rel}","templated":true}]}}