{"id":83,"date":"2020-02-10T10:18:46","date_gmt":"2020-02-10T10:18:46","guid":{"rendered":"https:\/\/www.hp-security.at\/?page_id=83"},"modified":"2023-09-26T19:07:44","modified_gmt":"2023-09-26T19:07:44","slug":"videotechnik","status":"publish","type":"page","link":"https:\/\/www.hp-security.at\/?page_id=83","title":{"rendered":"Videotechnik"},"content":{"rendered":"\t\t<div data-elementor-type=\"wp-page\" data-elementor-id=\"83\" class=\"elementor elementor-83\" data-elementor-post-type=\"page\">\n\t\t\t\t\t\t<section class=\"elementor-section elementor-top-section elementor-element elementor-element-49b7f895 elementor-section-stretched elementor-section-full_width elementor-section-height-min-height elementor-section-items-top elementor-section-height-default\" data-id=\"49b7f895\" data-element_type=\"section\" data-e-type=\"section\" data-settings=\"{&quot;stretch_section&quot;:&quot;section-stretched&quot;,&quot;background_background&quot;:&quot;classic&quot;}\">\n\t\t\t\t\t\t<div class=\"elementor-container elementor-column-gap-no\">\n\t\t\t\t\t<div class=\"elementor-column elementor-col-100 elementor-top-column elementor-element elementor-element-5b272dde\" data-id=\"5b272dde\" data-element_type=\"column\" data-e-type=\"column\">\n\t\t\t<div class=\"elementor-widget-wrap elementor-element-populated\">\n\t\t\t\t\t\t<section class=\"elementor-section elementor-inner-section elementor-element elementor-element-c274d68 elementor-section-full_width elementor-hidden-tablet elementor-hidden-phone elementor-section-height-default elementor-section-height-default\" data-id=\"c274d68\" data-element_type=\"section\" data-e-type=\"section\">\n\t\t\t\t\t\t<div class=\"elementor-container elementor-column-gap-default\">\n\t\t\t\t\t<div class=\"elementor-column elementor-col-100 elementor-inner-column elementor-element elementor-element-c8c717e\" data-id=\"c8c717e\" data-element_type=\"column\" data-e-type=\"column\" data-settings=\"{&quot;background_background&quot;:&quot;classic&quot;}\">\n\t\t\t<div class=\"elementor-widget-wrap elementor-element-populated\">\n\t\t\t\t\t\t<div class=\"elementor-element elementor-element-63b0af5 elementor-nav-menu__align-justify elementor-nav-menu--stretch elementor-nav-menu__text-align-center svn elementor-nav-menu--dropdown-tablet elementor-nav-menu--toggle elementor-nav-menu--burger elementor-widget elementor-widget-nav-menu\" data-id=\"63b0af5\" data-element_type=\"widget\" data-e-type=\"widget\" data-settings=\"{&quot;full_width&quot;:&quot;stretch&quot;,&quot;layout&quot;:&quot;horizontal&quot;,&quot;submenu_icon&quot;:{&quot;value&quot;:&quot;&lt;i class=\\&quot;fas fa-caret-down\\&quot; aria-hidden=\\&quot;true\\&quot;&gt;&lt;\\\/i&gt;&quot;,&quot;library&quot;:&quot;fa-solid&quot;},&quot;toggle&quot;:&quot;burger&quot;}\" data-widget_type=\"nav-menu.default\">\n\t\t\t\t<div class=\"elementor-widget-container\">\n\t\t\t\t\t\t\t\t<nav aria-label=\"Men\u00fc\" class=\"elementor-nav-menu--main elementor-nav-menu__container elementor-nav-menu--layout-horizontal e--pointer-background e--animation-fade\">\n\t\t\t\t<ul id=\"menu-1-63b0af5\" class=\"elementor-nav-menu\"><li class=\"menu-item menu-item-type-post_type menu-item-object-page menu-item-654\"><a href=\"https:\/\/www.hp-security.at\/?page_id=261\" class=\"elementor-item\">ALLGEMEIN<\/a><\/li>\n<li class=\"menu-item menu-item-type-post_type menu-item-object-page menu-item-655\"><a href=\"https:\/\/www.hp-security.at\/?page_id=246\" class=\"elementor-item\">ALARMANLAGEN<\/a><\/li>\n<li class=\"menu-item menu-item-type-post_type menu-item-object-page menu-item-656\"><a href=\"https:\/\/www.hp-security.at\/?page_id=238\" class=\"elementor-item\">TRESORE<\/a><\/li>\n<li class=\"menu-item menu-item-type-post_type menu-item-object-page menu-item-657\"><a href=\"https:\/\/www.hp-security.at\/?page_id=223\" class=\"elementor-item\">ZYLINDER<\/a><\/li>\n<li class=\"menu-item menu-item-type-post_type menu-item-object-page menu-item-658\"><a href=\"https:\/\/www.hp-security.at\/?page_id=83\" class=\"elementor-item\">VIDEOTECHNIK<\/a><\/li>\n<\/ul>\t\t\t<\/nav>\n\t\t\t\t\t<div class=\"elementor-menu-toggle\" role=\"button\" tabindex=\"0\" aria-label=\"Men\u00fc Umschalter\" aria-expanded=\"false\">\n\t\t\t<i aria-hidden=\"true\" role=\"presentation\" class=\"elementor-menu-toggle__icon--open eicon-menu-bar\"><\/i><i aria-hidden=\"true\" role=\"presentation\" class=\"elementor-menu-toggle__icon--close eicon-close\"><\/i>\t\t<\/div>\n\t\t\t\t\t<nav class=\"elementor-nav-menu--dropdown elementor-nav-menu__container\" aria-hidden=\"true\">\n\t\t\t\t<ul id=\"menu-2-63b0af5\" class=\"elementor-nav-menu\"><li class=\"menu-item menu-item-type-post_type menu-item-object-page menu-item-654\"><a href=\"https:\/\/www.hp-security.at\/?page_id=261\" class=\"elementor-item\" tabindex=\"-1\">ALLGEMEIN<\/a><\/li>\n<li class=\"menu-item menu-item-type-post_type menu-item-object-page menu-item-655\"><a href=\"https:\/\/www.hp-security.at\/?page_id=246\" class=\"elementor-item\" tabindex=\"-1\">ALARMANLAGEN<\/a><\/li>\n<li class=\"menu-item menu-item-type-post_type menu-item-object-page menu-item-656\"><a href=\"https:\/\/www.hp-security.at\/?page_id=238\" class=\"elementor-item\" tabindex=\"-1\">TRESORE<\/a><\/li>\n<li class=\"menu-item menu-item-type-post_type menu-item-object-page menu-item-657\"><a href=\"https:\/\/www.hp-security.at\/?page_id=223\" class=\"elementor-item\" tabindex=\"-1\">ZYLINDER<\/a><\/li>\n<li class=\"menu-item menu-item-type-post_type menu-item-object-page menu-item-658\"><a href=\"https:\/\/www.hp-security.at\/?page_id=83\" class=\"elementor-item\" tabindex=\"-1\">VIDEOTECHNIK<\/a><\/li>\n<\/ul>\t\t\t<\/nav>\n\t\t\t\t\t\t<\/div>\n\t\t\t\t<\/div>\n\t\t\t\t\t<\/div>\n\t\t<\/div>\n\t\t\t\t\t<\/div>\n\t\t<\/section>\n\t\t\t\t<section class=\"elementor-section elementor-inner-section elementor-element elementor-element-53f50990 elementor-section-content-top elementor-section-boxed elementor-section-height-default elementor-section-height-default\" data-id=\"53f50990\" data-element_type=\"section\" data-e-type=\"section\">\n\t\t\t\t\t\t<div class=\"elementor-container elementor-column-gap-default\">\n\t\t\t\t\t<div class=\"elementor-column elementor-col-50 elementor-inner-column elementor-element elementor-element-1b029c57\" data-id=\"1b029c57\" data-element_type=\"column\" data-e-type=\"column\">\n\t\t\t<div class=\"elementor-widget-wrap elementor-element-populated\">\n\t\t\t\t\t\t<div class=\"elementor-element elementor-element-40ba5f7b elementor-widget elementor-widget-image\" data-id=\"40ba5f7b\" data-element_type=\"widget\" data-e-type=\"widget\" data-widget_type=\"image.default\">\n\t\t\t\t<div class=\"elementor-widget-container\">\n\t\t\t\t\t\t\t\t\t\t\t\t\t\t\t<img fetchpriority=\"high\" decoding=\"async\" width=\"500\" height=\"497\" src=\"https:\/\/www.hp-security.at\/wp-content\/uploads\/2020\/02\/athene_rund.png\" class=\"attachment-large size-large wp-image-16\" alt=\"\" srcset=\"https:\/\/www.hp-security.at\/wp-content\/uploads\/2020\/02\/athene_rund.png 500w, https:\/\/www.hp-security.at\/wp-content\/uploads\/2020\/02\/athene_rund-300x298.png 300w, https:\/\/www.hp-security.at\/wp-content\/uploads\/2020\/02\/athene_rund-150x150.png 150w\" sizes=\"(max-width: 500px) 100vw, 500px\" \/>\t\t\t\t\t\t\t\t\t\t\t\t\t\t\t<\/div>\n\t\t\t\t<\/div>\n\t\t\t\t\t<\/div>\n\t\t<\/div>\n\t\t\t\t<div class=\"elementor-column elementor-col-50 elementor-inner-column elementor-element elementor-element-849e92b\" data-id=\"849e92b\" data-element_type=\"column\" data-e-type=\"column\">\n\t\t\t<div class=\"elementor-widget-wrap elementor-element-populated\">\n\t\t\t\t\t\t<div class=\"elementor-element elementor-element-1797306 elementor-widget elementor-widget-text-editor\" data-id=\"1797306\" data-element_type=\"widget\" data-e-type=\"widget\" data-widget_type=\"text-editor.default\">\n\t\t\t\t<div class=\"elementor-widget-container\">\n\t\t\t\t\t\t\t\t\t<p>Immer ALLES<\/p>\t\t\t\t\t\t\t\t<\/div>\n\t\t\t\t<\/div>\n\t\t\t\t<div class=\"elementor-element elementor-element-69c0237 elementor-widget elementor-widget-text-editor\" data-id=\"69c0237\" data-element_type=\"widget\" data-e-type=\"widget\" data-widget_type=\"text-editor.default\">\n\t\t\t\t<div class=\"elementor-widget-container\">\n\t\t\t\t\t\t\t\t\t<p>IM BLICK<\/p>\t\t\t\t\t\t\t\t<\/div>\n\t\t\t\t<\/div>\n\t\t\t\t\t<\/div>\n\t\t<\/div>\n\t\t\t\t\t<\/div>\n\t\t<\/section>\n\t\t\t\t\t<\/div>\n\t\t<\/div>\n\t\t\t\t\t<\/div>\n\t\t<\/section>\n\t\t\t\t<section class=\"elementor-section elementor-top-section elementor-element elementor-element-77777713 elementor-section-stretched elementor-section-full_width elementor-section-height-default elementor-section-height-default\" data-id=\"77777713\" data-element_type=\"section\" data-e-type=\"section\" data-settings=\"{&quot;stretch_section&quot;:&quot;section-stretched&quot;,&quot;background_background&quot;:&quot;classic&quot;}\">\n\t\t\t\t\t\t<div class=\"elementor-container elementor-column-gap-default\">\n\t\t\t\t\t<div class=\"elementor-column elementor-col-50 elementor-top-column elementor-element elementor-element-31273437\" data-id=\"31273437\" data-element_type=\"column\" data-e-type=\"column\">\n\t\t\t<div class=\"elementor-widget-wrap elementor-element-populated\">\n\t\t\t\t\t\t<div class=\"elementor-element elementor-element-10b41ca5 elementor-widget elementor-widget-heading\" data-id=\"10b41ca5\" data-element_type=\"widget\" data-e-type=\"widget\" data-widget_type=\"heading.default\">\n\t\t\t\t<div class=\"elementor-widget-container\">\n\t\t\t\t\t<h2 class=\"elementor-heading-title elementor-size-default\">VIDEOTECHNIK<\/h2>\t\t\t\t<\/div>\n\t\t\t\t<\/div>\n\t\t\t\t<div class=\"elementor-element elementor-element-1b14f15d elementor-widget elementor-widget-text-editor\" data-id=\"1b14f15d\" data-element_type=\"widget\" data-e-type=\"widget\" data-widget_type=\"text-editor.default\">\n\t\t\t\t<div class=\"elementor-widget-container\">\n\t\t\t\t\t\t\t\t\t<p><strong>Die richtigen Kameras f\u00fcr jede Aufgabe:<\/strong><\/p><ul class=\"listing\"><li>Analog Technik<ul><li>Veraltete Technologie, niedrige Aufl\u00f6sung<\/li><\/ul>Erweiterung oder Reparatur bestehender Systeme<br \/><br \/><\/li><li>TVI (Transport Video Interface)<ul><li>neuer Standard zur \u00dcbertragung von Video-, Audio- und Datensignalen \u00fcber Standard-Koaxialkabel<\/li><li>(RG59 &#8211; 500m) oder auch 2-Draht-Verbindungen &#8211; 300m<\/li><\/ul>Modernisierung bestehender Analogsystem, bestehende Verkabelung wird weiter verwendet. System dann in Full HD<br \/><br \/><\/li><li>IP Technologie Megapixelkameras (Netzwerkkameras)<br \/>Neue Systeme, Verwendung bestehender Netzwerk Topologien<\/li><\/ul>\t\t\t\t\t\t\t\t<\/div>\n\t\t\t\t<\/div>\n\t\t\t\t<div class=\"elementor-element elementor-element-dbcc010 elementor-align-left elementor-widget elementor-widget-button\" data-id=\"dbcc010\" data-element_type=\"widget\" data-e-type=\"widget\" data-widget_type=\"button.default\">\n\t\t\t\t<div class=\"elementor-widget-container\">\n\t\t\t\t\t\t\t\t\t<div class=\"elementor-button-wrapper\">\n\t\t\t\t\t<a class=\"elementor-button elementor-button-link elementor-size-sm\" href=\"https:\/\/www.hp-security.at\/wp-content\/uploads\/2023\/09\/UTC-FS-Videotechnik-2017.pdf\">\n\t\t\t\t\t\t<span class=\"elementor-button-content-wrapper\">\n\t\t\t\t\t\t\t\t\t<span class=\"elementor-button-text\"> Download Katalog Videotechnik<\/span>\n\t\t\t\t\t<\/span>\n\t\t\t\t\t<\/a>\n\t\t\t\t<\/div>\n\t\t\t\t\t\t\t\t<\/div>\n\t\t\t\t<\/div>\n\t\t\t\t\t<\/div>\n\t\t<\/div>\n\t\t\t\t<div class=\"elementor-column elementor-col-50 elementor-top-column elementor-element elementor-element-3c2ddc44 elementor-hidden-phone\" data-id=\"3c2ddc44\" data-element_type=\"column\" data-e-type=\"column\">\n\t\t\t<div class=\"elementor-widget-wrap elementor-element-populated\">\n\t\t\t\t\t\t<div class=\"elementor-element elementor-element-1210ca68 elementor-widget__width-initial elementor-fixed elementor-widget elementor-widget-image\" data-id=\"1210ca68\" data-element_type=\"widget\" data-e-type=\"widget\" data-settings=\"{&quot;_position&quot;:&quot;fixed&quot;}\" data-widget_type=\"image.default\">\n\t\t\t\t<div class=\"elementor-widget-container\">\n\t\t\t\t\t\t\t\t\t\t\t\t\t\t\t<img decoding=\"async\" width=\"800\" height=\"957\" src=\"https:\/\/www.hp-security.at\/wp-content\/uploads\/2020\/02\/Athene_BG.png\" class=\"attachment-large size-large wp-image-15\" alt=\"\" srcset=\"https:\/\/www.hp-security.at\/wp-content\/uploads\/2020\/02\/Athene_BG.png 800w, https:\/\/www.hp-security.at\/wp-content\/uploads\/2020\/02\/Athene_BG-251x300.png 251w, https:\/\/www.hp-security.at\/wp-content\/uploads\/2020\/02\/Athene_BG-768x919.png 768w\" sizes=\"(max-width: 800px) 100vw, 800px\" \/>\t\t\t\t\t\t\t\t\t\t\t\t\t\t\t<\/div>\n\t\t\t\t<\/div>\n\t\t\t\t\t<\/div>\n\t\t<\/div>\n\t\t\t\t\t<\/div>\n\t\t<\/section>\n\t\t\t\t<\/div>\n\t\t","protected":false},"excerpt":{"rendered":"<p>Immer ALLES IM BLICK VIDEOTECHNIK Die richtigen Kameras f\u00fcr jede Aufgabe: Analog Technik Veraltete Technologie, niedrige Aufl\u00f6sung Erweiterung oder Reparatur bestehender Systeme TVI (Transport Video Interface) neuer Standard zur \u00dcbertragung von Video-, Audio- und Datensignalen \u00fcber Standard-Koaxialkabel (RG59 &#8211; 500m) oder auch 2-Draht-Verbindungen &#8211; 300m Modernisierung bestehender Analogsystem, bestehende Verkabelung wird weiter verwendet. System dann [&hellip;]<\/p>\n","protected":false},"author":1,"featured_media":0,"parent":172,"menu_order":0,"comment_status":"closed","ping_status":"closed","template":"elementor_header_footer","meta":{"footnotes":""},"class_list":["post-83","page","type-page","status-publish","hentry"],"_links":{"self":[{"href":"https:\/\/www.hp-security.at\/index.php?rest_route=\/wp\/v2\/pages\/83","targetHints":{"allow":["GET"]}}],"collection":[{"href":"https:\/\/www.hp-security.at\/index.php?rest_route=\/wp\/v2\/pages"}],"about":[{"href":"https:\/\/www.hp-security.at\/index.php?rest_route=\/wp\/v2\/types\/page"}],"author":[{"embeddable":true,"href":"https:\/\/www.hp-security.at\/index.php?rest_route=\/wp\/v2\/users\/1"}],"replies":[{"embeddable":true,"href":"https:\/\/www.hp-security.at\/index.php?rest_route=%2Fwp%2Fv2%2Fcomments&post=83"}],"version-history":[{"count":72,"href":"https:\/\/www.hp-security.at\/index.php?rest_route=\/wp\/v2\/pages\/83\/revisions"}],"predecessor-version":[{"id":565,"href":"https:\/\/www.hp-security.at\/index.php?rest_route=\/wp\/v2\/pages\/83\/revisions\/565"}],"up":[{"embeddable":true,"href":"https:\/\/www.hp-security.at\/index.php?rest_route=\/wp\/v2\/pages\/172"}],"wp:attachment":[{"href":"https:\/\/www.hp-security.at\/index.php?rest_route=%2Fwp%2Fv2%2Fmedia&parent=83"}],"curies":[{"name":"wp","href":"https:\/\/api.w.org\/{rel}","templated":true}]}}